{"id":66,"date":"2020-09-11T16:52:54","date_gmt":"2020-09-11T16:52:54","guid":{"rendered":"https:\/\/mini-marketing.ch\/wordpress\/index.php\/home\/"},"modified":"2026-02-18T19:01:16","modified_gmt":"2026-02-18T19:01:16","slug":"carrosserie-stenz-ag-kuenten-sulz","status":"publish","type":"page","link":"https:\/\/carrosserie-stenz.ch\/","title":{"rendered":"Home"},"content":{"rendered":"\n<h1 class=\"wp-block-heading\">Herzlich Willkommen bei <br>Carrosserie Stenz AG!<\/h1>\n\n\n\n<p class=\"has-medium-font-size\"><br><strong>Tel. 056 496 16 01<\/strong><br>Wir sind w\u00e4hrend unserer \u00d6ffnungszeiten gerne telefonisch f\u00fcr da.<br><\/p>\n\n\n\n<h2 class=\"wp-block-heading\">Lehre als Carrosseriespengler\/in EFZ<\/h2>\n\n\n\n<p>Wir bieten ab Sommer 2026 eine <strong>Lehrstelle als Carrosseriespengler\/in EFZ <\/strong>an. Interessiert? <a href=\"https:\/\/carrosserie-stenz.ch\/index.php\/lehrstelle\/\">Weitere Informationen<\/a>.<\/p>\n\n\n\n<div style=\"height:42px\" aria-hidden=\"true\" class=\"wp-block-spacer\"><\/div>\n\n\n\n<h2 class=\"wp-block-heading\">Ihr Fahrzeug ist bei uns in den besten H\u00e4nden<\/h2>\n\n\n\n<p>Vom Blechschaden bis zur Oldtimer-Restauration &#8211; <br><strong>wir k\u00fcmmern uns mit Fachkompetenz und Engagement um jedes Detail Ihre Fahrzeuges<\/strong>.<\/p>\n\n\n\n<div class=\"wp-block-media-text alignwide has-media-on-the-right is-stacked-on-mobile has-custom-light-grey-background-color has-background\" style=\"grid-template-columns:auto 31%\"><div class=\"wp-block-media-text__content\">\n<p class=\"has-text-align-left\">Ob Unfallinstandstellung, Lackierarbeiten, Scheibenersatz, Pneuwechsel oder liebevolle Restauration Ihres Klassikers \u2013 auf unsere Erfahrung und Sorgfalt k\u00f6nnen Sie sich verlassen.<\/p>\n\n\n\n<p class=\"has-text-align-left\">Jeden Schaden beheben wir fachgerecht, effizient und zu fairen Konditionen \u2013 und das seit sechs Jahrzehnten.<br><\/p>\n<\/div><figure class=\"wp-block-media-text__media\"><img loading=\"lazy\" decoding=\"async\" width=\"204\" height=\"285\" src=\"https:\/\/carrosserie-stenz.ch\/wp-content\/uploads\/2020\/09\/Stenz-1.jpg\" alt=\"\" class=\"wp-image-74 size-full\"\/><\/figure><\/div>\n\n\n\n<p><strong>Was auch immer Sie zu uns bringt: Bei uns stehen Qualit\u00e4t und Kundenzufriedenheit an erster Stelle.<\/strong>  Statt Massenabfertigung setzen wir auf individuelle Betreuung. Wir nehmen uns die Zeit f\u00fcr Ihre W\u00fcnsche und beraten Sie pers\u00f6nlich und umfassend.&nbsp;<\/p>\n\n\n\n<div style=\"height:54px\" aria-hidden=\"true\" class=\"wp-block-spacer\"><\/div>\n\n\n\n<h2 class=\"wp-block-heading\">Oldtimer-Restauration mit Leidenschaft<\/h2>\n\n\n\n<figure class=\"wp-block-image size-large\"><img loading=\"lazy\" decoding=\"async\" width=\"960\" height=\"361\" src=\"https:\/\/carrosserie-stenz.ch\/wp-content\/uploads\/2020\/09\/home_oldtimer.jpg\" alt=\"\" class=\"wp-image-83\" srcset=\"https:\/\/carrosserie-stenz.ch\/wp-content\/uploads\/2020\/09\/home_oldtimer.jpg 960w, https:\/\/carrosserie-stenz.ch\/wp-content\/uploads\/2020\/09\/home_oldtimer-300x113.jpg 300w, https:\/\/carrosserie-stenz.ch\/wp-content\/uploads\/2020\/09\/home_oldtimer-768x289.jpg 768w, https:\/\/carrosserie-stenz.ch\/wp-content\/uploads\/2020\/09\/home_oldtimer-624x235.jpg 624w\" sizes=\"auto, (max-width: 960px) 100vw, 960px\" \/><\/figure>\n\n\n\n<p><strong>Sie besitzen einen Oldtimer und m\u00f6chten ihn restaurieren oder instand setzen lassen?<\/strong><br>Wir sind Ihre Spezialisten f\u00fcr Oldtimer-Instandstellung. Mit Herzblut und technischem Know-how bringen wir historische Fahrzeuge wieder in Form und zum Strahlen \u2013 inklusive neuer Lackierung nach Wunsch.<\/p>\n\n\n\n<p><strong>Egal ob jung oder alt \u2013 wir freuen uns, Sie in unserer Werkstatt in K\u00fcnten begr\u00fcssen zu d\u00fcrfen.<\/strong><\/p>\n\n\n\n<div style=\"height:43px\" aria-hidden=\"true\" class=\"wp-block-spacer\"><\/div>\n\n\n\n<h2 class=\"wp-block-heading\">Fachwissen trifft Leidenschaft<\/h2>\n\n\n\n<div class=\"wp-block-media-text alignwide is-stacked-on-mobile has-custom-light-grey-background-color has-background\" style=\"grid-template-columns:68% auto\"><figure class=\"wp-block-media-text__media\"><img loading=\"lazy\" decoding=\"async\" width=\"640\" height=\"373\" src=\"https:\/\/carrosserie-stenz.ch\/wp-content\/uploads\/2020\/09\/home_fahrzeug.jpg\" alt=\"\" class=\"wp-image-77 size-full\" srcset=\"https:\/\/carrosserie-stenz.ch\/wp-content\/uploads\/2020\/09\/home_fahrzeug.jpg 640w, https:\/\/carrosserie-stenz.ch\/wp-content\/uploads\/2020\/09\/home_fahrzeug-300x175.jpg 300w, https:\/\/carrosserie-stenz.ch\/wp-content\/uploads\/2020\/09\/home_fahrzeug-624x364.jpg 624w\" sizes=\"auto, (max-width: 640px) 100vw, 640px\" \/><\/figure><div class=\"wp-block-media-text__content\">\n<p><\/p>\n\n\n\n<p class=\"has-text-align-left\">Wir verf\u00fcgen \u00fcber das n\u00f6tige <strong>Know-now<\/strong> und einen <strong>grossen Erfahrungsschatz<\/strong> mit Auto aller Jahrg\u00e4nge und Fabrikate.<\/p>\n<\/div><\/div>\n\n\n\n<div style=\"height:60px\" aria-hidden=\"true\" class=\"wp-block-spacer\"><\/div>\n\n\n\n<h2 class=\"wp-block-heading\">Etwas Besonders &#8230; f\u00fcr Individualisten<\/h2>\n\n\n\n<div class=\"wp-block-media-text alignwide has-media-on-the-right is-stacked-on-mobile has-custom-light-grey-background-color has-background\" style=\"grid-template-columns:auto 34%\"><div class=\"wp-block-media-text__content\">\n<p><strong>Sie w\u00fcnschen sich etwas Ausgefallenes, das es so kein zweites Mal gibt?<\/strong><\/p>\n\n\n\n<p>Die M\u00f6glichkeiten der Oberfl\u00e4chenveredelung sind beinahe grenzenlos \u2013 \u00fcberzeugen Sie sich selbst in unserer <a href=\"https:\/\/carrosserie-stenz.ch\/index.php\/oberflaechen-design\/\">Galerie f\u00fcr Oberfl\u00e4chendesign<\/a>. Und das nicht nur im Automobilbereich!<\/p>\n<\/div><figure class=\"wp-block-media-text__media\"><img loading=\"lazy\" decoding=\"async\" width=\"204\" height=\"257\" src=\"https:\/\/carrosserie-stenz.ch\/wp-content\/uploads\/2020\/09\/home_kaffee.jpg\" alt=\"\" class=\"wp-image-104 size-full\"\/><\/figure><\/div>\n","protected":false},"excerpt":{"rendered":"<p>Herzlich Willkommen bei Carrosserie Stenz AG! Tel. 056 496 16 01Wir sind w\u00e4hrend unserer \u00d6ffnungszeiten gerne telefonisch f\u00fcr da. Lehre als Carrosseriespengler\/in EFZ Wir bieten ab Sommer 2026 eine Lehrstelle als Carrosseriespengler\/in EFZ an. Interessiert? Weitere Informationen. Ihr Fahrzeug ist bei uns in den besten H\u00e4nden Vom Blechschaden bis zur Oldtimer-Restauration &#8211; wir k\u00fcmmern&#8230;<\/p>\n<p class=\"read-more\"><a class=\"btn btn-default\" href=\"https:\/\/carrosserie-stenz.ch\/\"> Read More<span class=\"screen-reader-text\">  Read More<\/span><\/a><\/p>\n","protected":false},"author":1,"featured_media":0,"parent":0,"menu_order":0,"comment_status":"closed","ping_status":"closed","template":"","meta":{"footnotes":""},"class_list":["post-66","page","type-page","status-publish","hentry"],"yoast_head":"<!-- This site is optimized with the Yoast SEO plugin v27.1.1 - https:\/\/yoast.com\/product\/yoast-seo-wordpress\/ -->\n<title>Home - Carrosserie Stenz AG - 5444 K\u00fcnten<\/title>\n<meta name=\"description\" content=\"Carrosserie Spritzwerk und Autoreparatur in 5444 K\u00fcnten Sulz - Markus Stenz Carrossierspenglerei Reparatur von Blechschaden Unfallinstandstellung Scheibenersatz Oldtimer restaurieren\" \/>\n<meta name=\"robots\" content=\"index, follow, max-snippet:-1, max-image-preview:large, max-video-preview:-1\" \/>\n<link rel=\"canonical\" href=\"https:\/\/carrosserie-stenz.ch\/\" \/>\n<meta property=\"og:locale\" content=\"de_DE\" \/>\n<meta property=\"og:type\" content=\"article\" \/>\n<meta property=\"og:title\" content=\"Home - Carrosserie Stenz AG - 5444 K\u00fcnten\" \/>\n<meta property=\"og:description\" content=\"Carrosserie Spritzwerk und Autoreparatur in 5444 K\u00fcnten Sulz - Markus Stenz Carrossierspenglerei Reparatur von Blechschaden Unfallinstandstellung Scheibenersatz Oldtimer restaurieren\" \/>\n<meta property=\"og:url\" content=\"https:\/\/carrosserie-stenz.ch\/\" \/>\n<meta property=\"og:site_name\" content=\"Carrosserie Stenz AG - 5444 K\u00fcnten\" \/>\n<meta property=\"article:modified_time\" content=\"2026-02-18T19:01:16+00:00\" \/>\n<meta property=\"og:image\" content=\"https:\/\/carrosserie-stenz.ch\/wp-content\/uploads\/2020\/09\/Stenz-1.jpg\" \/>\n\t<meta property=\"og:image:width\" content=\"204\" \/>\n\t<meta property=\"og:image:height\" content=\"285\" \/>\n\t<meta property=\"og:image:type\" content=\"image\/jpeg\" \/>\n<meta name=\"twitter:card\" content=\"summary_large_image\" \/>\n<meta name=\"twitter:label1\" content=\"Gesch\u00e4tzte Lesezeit\" \/>\n\t<meta name=\"twitter:data1\" content=\"3\u00a0Minuten\" \/>\n<script type=\"application\/ld+json\" class=\"yoast-schema-graph\">{\"@context\":\"https:\/\/schema.org\",\"@graph\":[{\"@type\":\"WebPage\",\"@id\":\"https:\/\/carrosserie-stenz.ch\/\",\"url\":\"https:\/\/carrosserie-stenz.ch\/\",\"name\":\"Home - Carrosserie Stenz AG - 5444 K\u00fcnten\",\"isPartOf\":{\"@id\":\"https:\/\/carrosserie-stenz.ch\/#website\"},\"primaryImageOfPage\":{\"@id\":\"https:\/\/carrosserie-stenz.ch\/#primaryimage\"},\"image\":{\"@id\":\"https:\/\/carrosserie-stenz.ch\/#primaryimage\"},\"thumbnailUrl\":\"https:\/\/carrosserie-stenz.ch\/wp-content\/uploads\/2020\/09\/Stenz-1.jpg\",\"datePublished\":\"2020-09-11T16:52:54+00:00\",\"dateModified\":\"2026-02-18T19:01:16+00:00\",\"description\":\"Carrosserie Spritzwerk und Autoreparatur in 5444 K\u00fcnten Sulz - Markus Stenz Carrossierspenglerei Reparatur von Blechschaden Unfallinstandstellung Scheibenersatz Oldtimer restaurieren\",\"breadcrumb\":{\"@id\":\"https:\/\/carrosserie-stenz.ch\/#breadcrumb\"},\"inLanguage\":\"de\",\"potentialAction\":[{\"@type\":\"ReadAction\",\"target\":[\"https:\/\/carrosserie-stenz.ch\/\"]}]},{\"@type\":\"ImageObject\",\"inLanguage\":\"de\",\"@id\":\"https:\/\/carrosserie-stenz.ch\/#primaryimage\",\"url\":\"https:\/\/carrosserie-stenz.ch\/wp-content\/uploads\/2020\/09\/Stenz-1.jpg\",\"contentUrl\":\"https:\/\/carrosserie-stenz.ch\/wp-content\/uploads\/2020\/09\/Stenz-1.jpg\",\"width\":204,\"height\":285},{\"@type\":\"BreadcrumbList\",\"@id\":\"https:\/\/carrosserie-stenz.ch\/#breadcrumb\",\"itemListElement\":[{\"@type\":\"ListItem\",\"position\":1,\"name\":\"Carrosserie Stenz AG\",\"item\":\"https:\/\/carrosserie-stenz.ch\/\"},{\"@type\":\"ListItem\",\"position\":2,\"name\":\"Home\"}]},{\"@type\":\"WebSite\",\"@id\":\"https:\/\/carrosserie-stenz.ch\/#website\",\"url\":\"https:\/\/carrosserie-stenz.ch\/\",\"name\":\"Carrosserie Stenz AG - 5444 K\u00fcnten\",\"description\":\"Auto-Spritzwerk * Carrosserie-Spenglerei\",\"potentialAction\":[{\"@type\":\"SearchAction\",\"target\":{\"@type\":\"EntryPoint\",\"urlTemplate\":\"https:\/\/carrosserie-stenz.ch\/?s={search_term_string}\"},\"query-input\":{\"@type\":\"PropertyValueSpecification\",\"valueRequired\":true,\"valueName\":\"search_term_string\"}}],\"inLanguage\":\"de\"}]}<\/script>\n<!-- \/ Yoast SEO plugin. -->","yoast_head_json":{"title":"Home - Carrosserie Stenz AG - 5444 K\u00fcnten","description":"Carrosserie Spritzwerk und Autoreparatur in 5444 K\u00fcnten Sulz - Markus Stenz Carrossierspenglerei Reparatur von Blechschaden Unfallinstandstellung Scheibenersatz Oldtimer restaurieren","robots":{"index":"index","follow":"follow","max-snippet":"max-snippet:-1","max-image-preview":"max-image-preview:large","max-video-preview":"max-video-preview:-1"},"canonical":"https:\/\/carrosserie-stenz.ch\/","og_locale":"de_DE","og_type":"article","og_title":"Home - Carrosserie Stenz AG - 5444 K\u00fcnten","og_description":"Carrosserie Spritzwerk und Autoreparatur in 5444 K\u00fcnten Sulz - Markus Stenz Carrossierspenglerei Reparatur von Blechschaden Unfallinstandstellung Scheibenersatz Oldtimer restaurieren","og_url":"https:\/\/carrosserie-stenz.ch\/","og_site_name":"Carrosserie Stenz AG - 5444 K\u00fcnten","article_modified_time":"2026-02-18T19:01:16+00:00","og_image":[{"width":204,"height":285,"url":"https:\/\/carrosserie-stenz.ch\/wp-content\/uploads\/2020\/09\/Stenz-1.jpg","type":"image\/jpeg"}],"twitter_card":"summary_large_image","twitter_misc":{"Gesch\u00e4tzte Lesezeit":"3\u00a0Minuten"},"schema":{"@context":"https:\/\/schema.org","@graph":[{"@type":"WebPage","@id":"https:\/\/carrosserie-stenz.ch\/","url":"https:\/\/carrosserie-stenz.ch\/","name":"Home - Carrosserie Stenz AG - 5444 K\u00fcnten","isPartOf":{"@id":"https:\/\/carrosserie-stenz.ch\/#website"},"primaryImageOfPage":{"@id":"https:\/\/carrosserie-stenz.ch\/#primaryimage"},"image":{"@id":"https:\/\/carrosserie-stenz.ch\/#primaryimage"},"thumbnailUrl":"https:\/\/carrosserie-stenz.ch\/wp-content\/uploads\/2020\/09\/Stenz-1.jpg","datePublished":"2020-09-11T16:52:54+00:00","dateModified":"2026-02-18T19:01:16+00:00","description":"Carrosserie Spritzwerk und Autoreparatur in 5444 K\u00fcnten Sulz - Markus Stenz Carrossierspenglerei Reparatur von Blechschaden Unfallinstandstellung Scheibenersatz Oldtimer restaurieren","breadcrumb":{"@id":"https:\/\/carrosserie-stenz.ch\/#breadcrumb"},"inLanguage":"de","potentialAction":[{"@type":"ReadAction","target":["https:\/\/carrosserie-stenz.ch\/"]}]},{"@type":"ImageObject","inLanguage":"de","@id":"https:\/\/carrosserie-stenz.ch\/#primaryimage","url":"https:\/\/carrosserie-stenz.ch\/wp-content\/uploads\/2020\/09\/Stenz-1.jpg","contentUrl":"https:\/\/carrosserie-stenz.ch\/wp-content\/uploads\/2020\/09\/Stenz-1.jpg","width":204,"height":285},{"@type":"BreadcrumbList","@id":"https:\/\/carrosserie-stenz.ch\/#breadcrumb","itemListElement":[{"@type":"ListItem","position":1,"name":"Carrosserie Stenz AG","item":"https:\/\/carrosserie-stenz.ch\/"},{"@type":"ListItem","position":2,"name":"Home"}]},{"@type":"WebSite","@id":"https:\/\/carrosserie-stenz.ch\/#website","url":"https:\/\/carrosserie-stenz.ch\/","name":"Carrosserie Stenz AG - 5444 K\u00fcnten","description":"Auto-Spritzwerk * Carrosserie-Spenglerei","potentialAction":[{"@type":"SearchAction","target":{"@type":"EntryPoint","urlTemplate":"https:\/\/carrosserie-stenz.ch\/?s={search_term_string}"},"query-input":{"@type":"PropertyValueSpecification","valueRequired":true,"valueName":"search_term_string"}}],"inLanguage":"de"}]}},"_links":{"self":[{"href":"https:\/\/carrosserie-stenz.ch\/index.php\/wp-json\/wp\/v2\/pages\/66","targetHints":{"allow":["GET"]}}],"collection":[{"href":"https:\/\/carrosserie-stenz.ch\/index.php\/wp-json\/wp\/v2\/pages"}],"about":[{"href":"https:\/\/carrosserie-stenz.ch\/index.php\/wp-json\/wp\/v2\/types\/page"}],"author":[{"embeddable":true,"href":"https:\/\/carrosserie-stenz.ch\/index.php\/wp-json\/wp\/v2\/users\/1"}],"replies":[{"embeddable":true,"href":"https:\/\/carrosserie-stenz.ch\/index.php\/wp-json\/wp\/v2\/comments?post=66"}],"version-history":[{"count":86,"href":"https:\/\/carrosserie-stenz.ch\/index.php\/wp-json\/wp\/v2\/pages\/66\/revisions"}],"predecessor-version":[{"id":1014,"href":"https:\/\/carrosserie-stenz.ch\/index.php\/wp-json\/wp\/v2\/pages\/66\/revisions\/1014"}],"wp:attachment":[{"href":"https:\/\/carrosserie-stenz.ch\/index.php\/wp-json\/wp\/v2\/media?parent=66"}],"curies":[{"name":"wp","href":"https:\/\/api.w.org\/{rel}","templated":true}]}}