{"id":56,"date":"2020-09-11T16:42:54","date_gmt":"2020-09-11T16:42:54","guid":{"rendered":"https:\/\/mini-marketing.ch\/wordpress\/?page_id=56"},"modified":"2023-08-17T19:49:19","modified_gmt":"2023-08-17T19:49:19","slug":"spenglerei","status":"publish","type":"page","link":"https:\/\/carrosserie-stenz.ch\/index.php\/spenglerei\/","title":{"rendered":"Spenglerei"},"content":{"rendered":"\n<div style=\"height:60px\" aria-hidden=\"true\" class=\"wp-block-spacer\"><\/div>\n\n\n\n<figure class=\"wp-block-image size-large\"><img loading=\"lazy\" decoding=\"async\" width=\"918\" height=\"306\" src=\"https:\/\/carrosserie-stenz.ch\/wp-content\/uploads\/2020\/09\/spenglerei.jpg\" alt=\"\" class=\"wp-image-57\" srcset=\"https:\/\/carrosserie-stenz.ch\/wp-content\/uploads\/2020\/09\/spenglerei.jpg 918w, https:\/\/carrosserie-stenz.ch\/wp-content\/uploads\/2020\/09\/spenglerei-300x100.jpg 300w, https:\/\/carrosserie-stenz.ch\/wp-content\/uploads\/2020\/09\/spenglerei-768x256.jpg 768w\" sizes=\"auto, (max-width: 918px) 100vw, 918px\" \/><\/figure>\n\n\n\n<div style=\"height:40px\" aria-hidden=\"true\" class=\"wp-block-spacer\"><\/div>\n\n\n\n<h2 class=\"wp-block-heading\">Unfall \/ Blechschaden<\/h2>\n\n\n\n<div class=\"wp-block-media-text is-stacked-on-mobile has-custom-light-grey-background-color has-background\" style=\"grid-template-columns:39% auto\"><figure class=\"wp-block-media-text__media\"><img loading=\"lazy\" decoding=\"async\" width=\"320\" height=\"281\" src=\"https:\/\/carrosserie-stenz.ch\/wp-content\/uploads\/2020\/09\/spenglerei2-2.gif\" alt=\"\" class=\"wp-image-60 size-full\"\/><\/figure><div class=\"wp-block-media-text__content\">\n<p>Ein Kleinschaden am Auto ist schnell passiert. Eine kleine Unachtsamkeit &#8211; und schon ziert eine Delle die T\u00fcr. \u00c4rgerlich! Wir w\u00fcnschen es Ihnen nicht.<\/p>\n\n\n\n<p>Passiert dennoch etwas, so garantieren wir, Ihnen in jeder Hinsicht kompetent und professionell zur Seite zu stehen.<\/p>\n\n\n\n<p><strong>Schaden<\/strong><br>Unsere geschulten Mitarbeiter nehmen sich professionell dem Schaden an und beseitigen, mit den entsprechenden Spezialwerkzeugen und mit Originalteilen, Beulen, Carrosserie- und Lacksch\u00e4den rasch und fachm\u00e4nnisch.<\/p>\n<\/div><\/div>\n\n\n\n<div style=\"height:40px\" aria-hidden=\"true\" class=\"wp-block-spacer\"><\/div>\n\n\n\n<h2 class=\"wp-block-heading\">Unsere Unfall-Dienstleistung: Schadenabwicklung<\/h2>\n\n\n\n<p>Egal ob Schuld oder nicht Schuld, Unf\u00e4lle sind immer \u00e4rgerlich. Aber wenn es schon passiert, dann sollten Sie sich wenigstens sicher sein, das Ihr Fahrzeug ohne M\u00e4ngel fachgerecht und kompetent repariert wird.&nbsp;Unsere Carrosserie-Spengler sind auf dem neusten Stand der Aus- und Weiterbildung, um Ihnen eine rundum professionelle Abwicklung zu garantieren.<\/p>\n\n\n\n<div style=\"height:40px\" aria-hidden=\"true\" class=\"wp-block-spacer\"><\/div>\n\n\n\n<div class=\"wp-block-group\"><div class=\"wp-block-group__inner-container is-layout-flow wp-block-group-is-layout-flow\"><div class=\"wp-block-image\">\n<figure class=\"alignright size-large is-resized\"><img loading=\"lazy\" decoding=\"async\" src=\"https:\/\/carrosserie-stenz.ch\/wp-content\/uploads\/2020\/09\/image.jpeg\" alt=\"\" class=\"wp-image-118\" style=\"width:384px;height:183px\" width=\"384\" height=\"183\" srcset=\"https:\/\/carrosserie-stenz.ch\/wp-content\/uploads\/2020\/09\/image.jpeg 398w, https:\/\/carrosserie-stenz.ch\/wp-content\/uploads\/2020\/09\/image-300x143.jpeg 300w\" sizes=\"auto, (max-width: 384px) 100vw, 384px\" \/><\/figure>\n<\/div>\n\n\n<p><strong>Wir kl\u00e4ren ab und erledigen<\/strong><br \/>Nach einem Unfall sind viele Dinge zu erledigen. Lassen Sie einiges unsere Sorge sein. Wir verhandeln mit Ihrer Versicherung, machen die ganze Schadenabwicklung und holen das Beste f\u00fcr Sie heraus. Sie haben also mit der ganzen Versicherungsb\u00fcrokratie nichts mehr zu tun.<\/p>\n\n\n\n<div id=\"cc-m-14193444525\" class=\"j-module n j-text \">\n<p>\u00a0<\/p>\n<\/div>\n\n\n\n<h2 class=\"wp-block-heading\">Spenglerarbeiten<\/h2>\n<\/div><\/div>\n\n\n<p>Mit der richtigen Reparaturmethode l\u00e4sst sich ein Kleinschaden an der Fahrzeugkarosserie ohne gr\u00f6sseren Aufwand kosteng\u00fcnstig reparieren.\u00a0<\/p>\n<p><strong>Wir bieten Ihnen<\/strong>\u00a0ausgebildete Fachkr\u00e4fte und praxisbezogene Reparaturmethoden. Unsere Spenglerei ist mit modernen Maschinen und Werkzeugen ausger\u00fcstet, was uns ein professionelles und speditives Arbeiten erm\u00f6glicht. \u00dcber unserer Partner k\u00f6nnen wir die dabei ben\u00f6tigten Ersatzteile zu hervorragenden Konditionen in Erstausr\u00fcsterqualit\u00e4t erhalten.<\/p>\n<p><b>Dellendr\u00fccken ohne lackieren (<\/b>Dr\u00fccktech)<br \/>Bei Beulen ohne Lacksch\u00e4den hat sich ganz klar die\u00a0<strong>Dr\u00fcckmethode<\/strong>\u00a0etabliert. Diese Art der Schadenbehebung ist f\u00fcr alle Fahrzeugbesitzer \u00e4usserst interessant. U.a. k\u00f6nnen Hagelsch\u00e4den sowie kleine Parksch\u00e4den (bis Golfballgr\u00f6sse) mit dem professionellen Ausbeulsystem effizient, umweltfreundlich und kosteng\u00fcnstig beseitigt werden.\u00a0Dabei wird die Delle von der Innenseite des Bleches her mit Spezialwerkzeugen bearbeitet und punktuell herausgearbeitet, in der Fachsprache sogenanntes Dellendr\u00fccken.<\/p>\n<p>Voraussetzung ist nat\u00fcrlich, dass der Lack beim Entstehen der Beule oder Delle nicht besch\u00e4digt wurde. Durch das Dellendr\u00fccken wird der Lack nicht besch\u00e4digt und die Reparatur ist kosteng\u00fcnstig.<\/p>\n\n\n<div style=\"height:40px\" aria-hidden=\"true\" class=\"wp-block-spacer\"><\/div>\n\n\n\n<figure class=\"wp-block-image size-large\"><img loading=\"lazy\" decoding=\"async\" width=\"920\" height=\"307\" src=\"https:\/\/carrosserie-stenz.ch\/wp-content\/uploads\/2020\/09\/spengler_unten.jpg\" alt=\"\" class=\"wp-image-130\" srcset=\"https:\/\/carrosserie-stenz.ch\/wp-content\/uploads\/2020\/09\/spengler_unten.jpg 920w, https:\/\/carrosserie-stenz.ch\/wp-content\/uploads\/2020\/09\/spengler_unten-300x100.jpg 300w, https:\/\/carrosserie-stenz.ch\/wp-content\/uploads\/2020\/09\/spengler_unten-768x256.jpg 768w, https:\/\/carrosserie-stenz.ch\/wp-content\/uploads\/2020\/09\/spengler_unten-604x202.jpg 604w\" sizes=\"auto, (max-width: 920px) 100vw, 920px\" \/><\/figure>\n\n\n\n<div style=\"height:100px\" aria-hidden=\"true\" class=\"wp-block-spacer\"><\/div>\n","protected":false},"excerpt":{"rendered":"<p>Unfall \/ Blechschaden Ein Kleinschaden am Auto ist schnell passiert. Eine kleine Unachtsamkeit &#8211; und schon ziert eine Delle die T\u00fcr. \u00c4rgerlich! Wir w\u00fcnschen es Ihnen nicht. Passiert dennoch etwas, so garantieren wir, Ihnen in jeder Hinsicht kompetent und professionell zur Seite zu stehen. SchadenUnsere geschulten Mitarbeiter nehmen sich professionell dem Schaden an und&#8230;<\/p>\n<p class=\"read-more\"><a class=\"btn btn-default\" href=\"https:\/\/carrosserie-stenz.ch\/index.php\/spenglerei\/\"> Read More<span class=\"screen-reader-text\">  Read More<\/span><\/a><\/p>\n","protected":false},"author":1,"featured_media":0,"parent":0,"menu_order":0,"comment_status":"closed","ping_status":"closed","template":"","meta":{"footnotes":""},"class_list":["post-56","page","type-page","status-publish","hentry"],"yoast_head":"<!-- This site is optimized with the Yoast SEO plugin v27.1.1 - https:\/\/yoast.com\/product\/yoast-seo-wordpress\/ -->\n<title>Spenglerei - Carrosserie Stenz AG - 5444 K\u00fcnten<\/title>\n<meta name=\"robots\" content=\"index, follow, max-snippet:-1, max-image-preview:large, max-video-preview:-1\" \/>\n<link rel=\"canonical\" href=\"https:\/\/carrosserie-stenz.ch\/index.php\/spenglerei\/\" \/>\n<meta property=\"og:locale\" content=\"de_DE\" \/>\n<meta property=\"og:type\" content=\"article\" \/>\n<meta property=\"og:title\" content=\"Spenglerei - Carrosserie Stenz AG - 5444 K\u00fcnten\" \/>\n<meta property=\"og:description\" content=\"Unfall \/ Blechschaden Ein Kleinschaden am Auto ist schnell passiert. Eine kleine Unachtsamkeit &#8211; und schon ziert eine Delle die T\u00fcr. \u00c4rgerlich! Wir w\u00fcnschen es Ihnen nicht. Passiert dennoch etwas, so garantieren wir, Ihnen in jeder Hinsicht kompetent und professionell zur Seite zu stehen. SchadenUnsere geschulten Mitarbeiter nehmen sich professionell dem Schaden an und... Read More Read More\" \/>\n<meta property=\"og:url\" content=\"https:\/\/carrosserie-stenz.ch\/index.php\/spenglerei\/\" \/>\n<meta property=\"og:site_name\" content=\"Carrosserie Stenz AG - 5444 K\u00fcnten\" \/>\n<meta property=\"article:modified_time\" content=\"2023-08-17T19:49:19+00:00\" \/>\n<meta property=\"og:image\" content=\"https:\/\/carrosserie-stenz.ch\/wp-content\/uploads\/2020\/09\/spenglerei.jpg\" \/>\n<meta name=\"twitter:card\" content=\"summary_large_image\" \/>\n<meta name=\"twitter:label1\" content=\"Gesch\u00e4tzte Lesezeit\" \/>\n\t<meta name=\"twitter:data1\" content=\"3\u00a0Minuten\" \/>\n<script type=\"application\/ld+json\" class=\"yoast-schema-graph\">{\"@context\":\"https:\/\/schema.org\",\"@graph\":[{\"@type\":\"WebPage\",\"@id\":\"https:\/\/carrosserie-stenz.ch\/index.php\/spenglerei\/\",\"url\":\"https:\/\/carrosserie-stenz.ch\/index.php\/spenglerei\/\",\"name\":\"Spenglerei - Carrosserie Stenz AG - 5444 K\u00fcnten\",\"isPartOf\":{\"@id\":\"https:\/\/carrosserie-stenz.ch\/#website\"},\"primaryImageOfPage\":{\"@id\":\"https:\/\/carrosserie-stenz.ch\/index.php\/spenglerei\/#primaryimage\"},\"image\":{\"@id\":\"https:\/\/carrosserie-stenz.ch\/index.php\/spenglerei\/#primaryimage\"},\"thumbnailUrl\":\"https:\/\/carrosserie-stenz.ch\/wp-content\/uploads\/2020\/09\/spenglerei.jpg\",\"datePublished\":\"2020-09-11T16:42:54+00:00\",\"dateModified\":\"2023-08-17T19:49:19+00:00\",\"breadcrumb\":{\"@id\":\"https:\/\/carrosserie-stenz.ch\/index.php\/spenglerei\/#breadcrumb\"},\"inLanguage\":\"de\",\"potentialAction\":[{\"@type\":\"ReadAction\",\"target\":[\"https:\/\/carrosserie-stenz.ch\/index.php\/spenglerei\/\"]}]},{\"@type\":\"ImageObject\",\"inLanguage\":\"de\",\"@id\":\"https:\/\/carrosserie-stenz.ch\/index.php\/spenglerei\/#primaryimage\",\"url\":\"https:\/\/carrosserie-stenz.ch\/wp-content\/uploads\/2020\/09\/spenglerei.jpg\",\"contentUrl\":\"https:\/\/carrosserie-stenz.ch\/wp-content\/uploads\/2020\/09\/spenglerei.jpg\",\"width\":918,\"height\":306},{\"@type\":\"BreadcrumbList\",\"@id\":\"https:\/\/carrosserie-stenz.ch\/index.php\/spenglerei\/#breadcrumb\",\"itemListElement\":[{\"@type\":\"ListItem\",\"position\":1,\"name\":\"Carrosserie Stenz AG\",\"item\":\"https:\/\/carrosserie-stenz.ch\/\"},{\"@type\":\"ListItem\",\"position\":2,\"name\":\"Spenglerei\"}]},{\"@type\":\"WebSite\",\"@id\":\"https:\/\/carrosserie-stenz.ch\/#website\",\"url\":\"https:\/\/carrosserie-stenz.ch\/\",\"name\":\"Carrosserie Stenz AG - 5444 K\u00fcnten\",\"description\":\"Auto-Spritzwerk * Carrosserie-Spenglerei\",\"potentialAction\":[{\"@type\":\"SearchAction\",\"target\":{\"@type\":\"EntryPoint\",\"urlTemplate\":\"https:\/\/carrosserie-stenz.ch\/?s={search_term_string}\"},\"query-input\":{\"@type\":\"PropertyValueSpecification\",\"valueRequired\":true,\"valueName\":\"search_term_string\"}}],\"inLanguage\":\"de\"}]}<\/script>\n<!-- \/ Yoast SEO plugin. -->","yoast_head_json":{"title":"Spenglerei - Carrosserie Stenz AG - 5444 K\u00fcnten","robots":{"index":"index","follow":"follow","max-snippet":"max-snippet:-1","max-image-preview":"max-image-preview:large","max-video-preview":"max-video-preview:-1"},"canonical":"https:\/\/carrosserie-stenz.ch\/index.php\/spenglerei\/","og_locale":"de_DE","og_type":"article","og_title":"Spenglerei - Carrosserie Stenz AG - 5444 K\u00fcnten","og_description":"Unfall \/ Blechschaden Ein Kleinschaden am Auto ist schnell passiert. Eine kleine Unachtsamkeit &#8211; und schon ziert eine Delle die T\u00fcr. \u00c4rgerlich! Wir w\u00fcnschen es Ihnen nicht. Passiert dennoch etwas, so garantieren wir, Ihnen in jeder Hinsicht kompetent und professionell zur Seite zu stehen. SchadenUnsere geschulten Mitarbeiter nehmen sich professionell dem Schaden an und... Read More Read More","og_url":"https:\/\/carrosserie-stenz.ch\/index.php\/spenglerei\/","og_site_name":"Carrosserie Stenz AG - 5444 K\u00fcnten","article_modified_time":"2023-08-17T19:49:19+00:00","og_image":[{"url":"https:\/\/carrosserie-stenz.ch\/wp-content\/uploads\/2020\/09\/spenglerei.jpg","type":"","width":"","height":""}],"twitter_card":"summary_large_image","twitter_misc":{"Gesch\u00e4tzte Lesezeit":"3\u00a0Minuten"},"schema":{"@context":"https:\/\/schema.org","@graph":[{"@type":"WebPage","@id":"https:\/\/carrosserie-stenz.ch\/index.php\/spenglerei\/","url":"https:\/\/carrosserie-stenz.ch\/index.php\/spenglerei\/","name":"Spenglerei - Carrosserie Stenz AG - 5444 K\u00fcnten","isPartOf":{"@id":"https:\/\/carrosserie-stenz.ch\/#website"},"primaryImageOfPage":{"@id":"https:\/\/carrosserie-stenz.ch\/index.php\/spenglerei\/#primaryimage"},"image":{"@id":"https:\/\/carrosserie-stenz.ch\/index.php\/spenglerei\/#primaryimage"},"thumbnailUrl":"https:\/\/carrosserie-stenz.ch\/wp-content\/uploads\/2020\/09\/spenglerei.jpg","datePublished":"2020-09-11T16:42:54+00:00","dateModified":"2023-08-17T19:49:19+00:00","breadcrumb":{"@id":"https:\/\/carrosserie-stenz.ch\/index.php\/spenglerei\/#breadcrumb"},"inLanguage":"de","potentialAction":[{"@type":"ReadAction","target":["https:\/\/carrosserie-stenz.ch\/index.php\/spenglerei\/"]}]},{"@type":"ImageObject","inLanguage":"de","@id":"https:\/\/carrosserie-stenz.ch\/index.php\/spenglerei\/#primaryimage","url":"https:\/\/carrosserie-stenz.ch\/wp-content\/uploads\/2020\/09\/spenglerei.jpg","contentUrl":"https:\/\/carrosserie-stenz.ch\/wp-content\/uploads\/2020\/09\/spenglerei.jpg","width":918,"height":306},{"@type":"BreadcrumbList","@id":"https:\/\/carrosserie-stenz.ch\/index.php\/spenglerei\/#breadcrumb","itemListElement":[{"@type":"ListItem","position":1,"name":"Carrosserie Stenz AG","item":"https:\/\/carrosserie-stenz.ch\/"},{"@type":"ListItem","position":2,"name":"Spenglerei"}]},{"@type":"WebSite","@id":"https:\/\/carrosserie-stenz.ch\/#website","url":"https:\/\/carrosserie-stenz.ch\/","name":"Carrosserie Stenz AG - 5444 K\u00fcnten","description":"Auto-Spritzwerk * Carrosserie-Spenglerei","potentialAction":[{"@type":"SearchAction","target":{"@type":"EntryPoint","urlTemplate":"https:\/\/carrosserie-stenz.ch\/?s={search_term_string}"},"query-input":{"@type":"PropertyValueSpecification","valueRequired":true,"valueName":"search_term_string"}}],"inLanguage":"de"}]}},"_links":{"self":[{"href":"https:\/\/carrosserie-stenz.ch\/index.php\/wp-json\/wp\/v2\/pages\/56","targetHints":{"allow":["GET"]}}],"collection":[{"href":"https:\/\/carrosserie-stenz.ch\/index.php\/wp-json\/wp\/v2\/pages"}],"about":[{"href":"https:\/\/carrosserie-stenz.ch\/index.php\/wp-json\/wp\/v2\/types\/page"}],"author":[{"embeddable":true,"href":"https:\/\/carrosserie-stenz.ch\/index.php\/wp-json\/wp\/v2\/users\/1"}],"replies":[{"embeddable":true,"href":"https:\/\/carrosserie-stenz.ch\/index.php\/wp-json\/wp\/v2\/comments?post=56"}],"version-history":[{"count":23,"href":"https:\/\/carrosserie-stenz.ch\/index.php\/wp-json\/wp\/v2\/pages\/56\/revisions"}],"predecessor-version":[{"id":695,"href":"https:\/\/carrosserie-stenz.ch\/index.php\/wp-json\/wp\/v2\/pages\/56\/revisions\/695"}],"wp:attachment":[{"href":"https:\/\/carrosserie-stenz.ch\/index.php\/wp-json\/wp\/v2\/media?parent=56"}],"curies":[{"name":"wp","href":"https:\/\/api.w.org\/{rel}","templated":true}]}}