{"id":197,"date":"2020-09-12T14:48:51","date_gmt":"2020-09-12T14:48:51","guid":{"rendered":"https:\/\/mini-marketing.ch\/wordpress\/?page_id=197"},"modified":"2025-08-19T12:07:45","modified_gmt":"2025-08-19T12:07:45","slug":"lehrstelle","status":"publish","type":"page","link":"https:\/\/carrosserie-stenz.ch\/index.php\/lehrstelle\/","title":{"rendered":"Lehrstelle ab Sommer 2026"},"content":{"rendered":"\n<p>Wir bieten eine abwechslungsreiche und spannende Lehrstelle ab Sommer 2026 als<\/p>\n\n\n\n<p class=\"has-vivid-red-color has-text-color has-link-color has-large-font-size wp-elements-ec1a4c81396435ff77c7040b7eddae48\" style=\"font-style:normal;font-weight:700\">Carrosseriespengler\/in EFZ<\/p>\n\n\n\n<p><\/p>\n\n\n\n<p>Unz\u00e4hlige Carrosserieformen fordern die Carrosseriespengler\/innen t\u00e4glich aufs Neue heraus. Ihre Aufgabe ist es, besch\u00e4digte Carrosserien (Personenwagen, Nutz- und Spezialfahrzeuge, aber auch Liebhaberfahrzeuge) wiederherzustellen.<\/p>\n\n\n\n<p>Bearbeitet werden Besch\u00e4digungen aller Art. Mit Zug- und Dr\u00fccktechniken werden deformierte Teile in die urspr\u00fcngliche Form zur\u00fcckgebracht. Von Hand demontieren Sie eingedr\u00fcckte Blechteile, ersetzen diese notfalls durch Originalteile, oder durch selbst angefertigte Teile. Dabei stehen Verbindungstechniken wie Schrauben, Schweissen, Kleben und Nieten im Vordergrund. Auch gewisse Grundfertigkeiten des Autolackierers werden ausgef\u00fchrt. Zudem geh\u00f6rt die Elektrik und Elektronik rund um das Fahrzeug ins Fachgebiet sowie die Reparatur bzw. der Ersatz von besch\u00e4digten Scheiben.<\/p>\n\n\n\n<p><\/p>\n\n\n\n<p><strong>Ausbildung<\/strong><br>Der\/die Lernende wird in unserem Betrieb in der beruflichen Praxis ausgebildet und besucht die Berufsfachschule f\u00fcr die theoretischen Kenntnisse. Nach der 4j\u00e4hrigen Lehrzeit folgt die Lehrabschlusspr\u00fcfung.<\/p>\n\n\n\n<p><strong>Wir bieten<\/strong><br>Eine interessantes, anspruchsvolles und dynamisches Arbeitsumfeld. Arbeiten in ienem kleinen Team, wo es gilt, schon fr\u00fch Verantwortung zu \u00fcbernehmen.<\/p>\n\n\n\n<p><strong>Das zeichnet dich aus<\/strong><\/p>\n\n\n\n<ul class=\"wp-block-list\">\n<li>Abschluss der Sekundarschule<br>gute Leistungen in Mathematik und Geometrie, technisches Zeichnen von Vorteil<\/li>\n\n\n\n<li>ausgepr\u00e4gtes handwerkliches Geschick<\/li>\n\n\n\n<li>gutes technisches Verst\u00e4ndnis und Augenmass<\/li>\n\n\n\n<li>r\u00e4umliches Vorstellungsverm\u00f6gen und Formgef\u00fchl<\/li>\n\n\n\n<li>Freude am Arbeiten mit Metall<\/li>\n\n\n\n<li>exakte Arbeitsweise, Sorgfalt und Ausdauer<\/li>\n\n\n\n<li>Lern- und Leistungsbereitschaft<\/li>\n\n\n\n<li>rasche Auffassungsgabe und analytisches Denken<\/li>\n\n\n\n<li>Sinn f\u00fcr Sauberkeit, Ordnung und Sorgfalt<\/li>\n\n\n\n<li>motiviert, zuverl\u00e4ssig und verantwortungsbewusst<\/li>\n\n\n\n<li>gute Umgangsformen und gepflegte Erscheinung<\/li>\n\n\n\n<li>Spass an der Selbst\u00e4ndigkeit wie am Teamwork<\/li>\n<\/ul>\n\n\n\n<p><\/p>\n\n\n\n<p>F\u00fcr weitere Ausk\u00fcnfte und eine Schnupperlehre steht Herr <strong>Markus Stenz<\/strong> gerne zur Verf\u00fcgung unter <strong>Tel. 056 496 16 01<\/strong>.<\/p>\n\n\n\n<p><strong>Bewerben<\/strong><br>Wir freuen uns auf Ihre Bewerbung (Motivationsschreiben, Lebenslauf, Zeugnisse, Check S2) an <strong>info@carrosserie-stenz.ch<\/strong>.<\/p>\n\n\n\n<p><\/p>\n","protected":false},"excerpt":{"rendered":"<p>Wir bieten eine abwechslungsreiche und spannende Lehrstelle ab Sommer 2026 als Carrosseriespengler\/in EFZ Unz\u00e4hlige Carrosserieformen fordern die Carrosseriespengler\/innen t\u00e4glich aufs Neue heraus. Ihre Aufgabe ist es, besch\u00e4digte Carrosserien (Personenwagen, Nutz- und Spezialfahrzeuge, aber auch Liebhaberfahrzeuge) wiederherzustellen. Bearbeitet werden Besch\u00e4digungen aller Art. Mit Zug- und Dr\u00fccktechniken werden deformierte Teile in die urspr\u00fcngliche Form zur\u00fcckgebracht. Von&#8230;<\/p>\n<p class=\"read-more\"><a class=\"btn btn-default\" href=\"https:\/\/carrosserie-stenz.ch\/index.php\/lehrstelle\/\"> Read More<span class=\"screen-reader-text\">  Read More<\/span><\/a><\/p>\n","protected":false},"author":1,"featured_media":0,"parent":0,"menu_order":0,"comment_status":"closed","ping_status":"closed","template":"","meta":{"footnotes":""},"class_list":["post-197","page","type-page","status-publish","hentry"],"yoast_head":"<!-- This site is optimized with the Yoast SEO plugin v27.1.1 - https:\/\/yoast.com\/product\/yoast-seo-wordpress\/ -->\n<title>Lehrstelle ab Sommer 2026 - Carrosserie Stenz AG - 5444 K\u00fcnten<\/title>\n<meta name=\"description\" content=\"Lehrabschluss Carrosseriespengler 4 Jahre Lehre K\u00fcnten Lehrstelle ab 2025\" \/>\n<meta name=\"robots\" content=\"index, follow, max-snippet:-1, max-image-preview:large, max-video-preview:-1\" \/>\n<link rel=\"canonical\" href=\"https:\/\/carrosserie-stenz.ch\/index.php\/lehrstelle\/\" \/>\n<meta property=\"og:locale\" content=\"de_DE\" \/>\n<meta property=\"og:type\" content=\"article\" \/>\n<meta property=\"og:title\" content=\"Lehrstelle ab Sommer 2026 - Carrosserie Stenz AG - 5444 K\u00fcnten\" \/>\n<meta property=\"og:description\" content=\"Lehrabschluss Carrosseriespengler 4 Jahre Lehre K\u00fcnten Lehrstelle ab 2025\" \/>\n<meta property=\"og:url\" content=\"https:\/\/carrosserie-stenz.ch\/index.php\/lehrstelle\/\" \/>\n<meta property=\"og:site_name\" content=\"Carrosserie Stenz AG - 5444 K\u00fcnten\" \/>\n<meta property=\"article:modified_time\" content=\"2025-08-19T12:07:45+00:00\" \/>\n<meta name=\"twitter:card\" content=\"summary_large_image\" \/>\n<meta name=\"twitter:label1\" content=\"Gesch\u00e4tzte Lesezeit\" \/>\n\t<meta name=\"twitter:data1\" content=\"2\u00a0Minuten\" \/>\n<script type=\"application\/ld+json\" class=\"yoast-schema-graph\">{\"@context\":\"https:\/\/schema.org\",\"@graph\":[{\"@type\":\"WebPage\",\"@id\":\"https:\/\/carrosserie-stenz.ch\/index.php\/lehrstelle\/\",\"url\":\"https:\/\/carrosserie-stenz.ch\/index.php\/lehrstelle\/\",\"name\":\"Lehrstelle ab Sommer 2026 - Carrosserie Stenz AG - 5444 K\u00fcnten\",\"isPartOf\":{\"@id\":\"https:\/\/carrosserie-stenz.ch\/#website\"},\"datePublished\":\"2020-09-12T14:48:51+00:00\",\"dateModified\":\"2025-08-19T12:07:45+00:00\",\"description\":\"Lehrabschluss Carrosseriespengler 4 Jahre Lehre K\u00fcnten Lehrstelle ab 2025\",\"breadcrumb\":{\"@id\":\"https:\/\/carrosserie-stenz.ch\/index.php\/lehrstelle\/#breadcrumb\"},\"inLanguage\":\"de\",\"potentialAction\":[{\"@type\":\"ReadAction\",\"target\":[\"https:\/\/carrosserie-stenz.ch\/index.php\/lehrstelle\/\"]}]},{\"@type\":\"BreadcrumbList\",\"@id\":\"https:\/\/carrosserie-stenz.ch\/index.php\/lehrstelle\/#breadcrumb\",\"itemListElement\":[{\"@type\":\"ListItem\",\"position\":1,\"name\":\"Carrosserie Stenz AG\",\"item\":\"https:\/\/carrosserie-stenz.ch\/\"},{\"@type\":\"ListItem\",\"position\":2,\"name\":\"Lehrstelle ab Sommer 2026\"}]},{\"@type\":\"WebSite\",\"@id\":\"https:\/\/carrosserie-stenz.ch\/#website\",\"url\":\"https:\/\/carrosserie-stenz.ch\/\",\"name\":\"Carrosserie Stenz AG - 5444 K\u00fcnten\",\"description\":\"Auto-Spritzwerk * Carrosserie-Spenglerei\",\"potentialAction\":[{\"@type\":\"SearchAction\",\"target\":{\"@type\":\"EntryPoint\",\"urlTemplate\":\"https:\/\/carrosserie-stenz.ch\/?s={search_term_string}\"},\"query-input\":{\"@type\":\"PropertyValueSpecification\",\"valueRequired\":true,\"valueName\":\"search_term_string\"}}],\"inLanguage\":\"de\"}]}<\/script>\n<!-- \/ Yoast SEO plugin. -->","yoast_head_json":{"title":"Lehrstelle ab Sommer 2026 - Carrosserie Stenz AG - 5444 K\u00fcnten","description":"Lehrabschluss Carrosseriespengler 4 Jahre Lehre K\u00fcnten Lehrstelle ab 2025","robots":{"index":"index","follow":"follow","max-snippet":"max-snippet:-1","max-image-preview":"max-image-preview:large","max-video-preview":"max-video-preview:-1"},"canonical":"https:\/\/carrosserie-stenz.ch\/index.php\/lehrstelle\/","og_locale":"de_DE","og_type":"article","og_title":"Lehrstelle ab Sommer 2026 - Carrosserie Stenz AG - 5444 K\u00fcnten","og_description":"Lehrabschluss Carrosseriespengler 4 Jahre Lehre K\u00fcnten Lehrstelle ab 2025","og_url":"https:\/\/carrosserie-stenz.ch\/index.php\/lehrstelle\/","og_site_name":"Carrosserie Stenz AG - 5444 K\u00fcnten","article_modified_time":"2025-08-19T12:07:45+00:00","twitter_card":"summary_large_image","twitter_misc":{"Gesch\u00e4tzte Lesezeit":"2\u00a0Minuten"},"schema":{"@context":"https:\/\/schema.org","@graph":[{"@type":"WebPage","@id":"https:\/\/carrosserie-stenz.ch\/index.php\/lehrstelle\/","url":"https:\/\/carrosserie-stenz.ch\/index.php\/lehrstelle\/","name":"Lehrstelle ab Sommer 2026 - Carrosserie Stenz AG - 5444 K\u00fcnten","isPartOf":{"@id":"https:\/\/carrosserie-stenz.ch\/#website"},"datePublished":"2020-09-12T14:48:51+00:00","dateModified":"2025-08-19T12:07:45+00:00","description":"Lehrabschluss Carrosseriespengler 4 Jahre Lehre K\u00fcnten Lehrstelle ab 2025","breadcrumb":{"@id":"https:\/\/carrosserie-stenz.ch\/index.php\/lehrstelle\/#breadcrumb"},"inLanguage":"de","potentialAction":[{"@type":"ReadAction","target":["https:\/\/carrosserie-stenz.ch\/index.php\/lehrstelle\/"]}]},{"@type":"BreadcrumbList","@id":"https:\/\/carrosserie-stenz.ch\/index.php\/lehrstelle\/#breadcrumb","itemListElement":[{"@type":"ListItem","position":1,"name":"Carrosserie Stenz AG","item":"https:\/\/carrosserie-stenz.ch\/"},{"@type":"ListItem","position":2,"name":"Lehrstelle ab Sommer 2026"}]},{"@type":"WebSite","@id":"https:\/\/carrosserie-stenz.ch\/#website","url":"https:\/\/carrosserie-stenz.ch\/","name":"Carrosserie Stenz AG - 5444 K\u00fcnten","description":"Auto-Spritzwerk * Carrosserie-Spenglerei","potentialAction":[{"@type":"SearchAction","target":{"@type":"EntryPoint","urlTemplate":"https:\/\/carrosserie-stenz.ch\/?s={search_term_string}"},"query-input":{"@type":"PropertyValueSpecification","valueRequired":true,"valueName":"search_term_string"}}],"inLanguage":"de"}]}},"_links":{"self":[{"href":"https:\/\/carrosserie-stenz.ch\/index.php\/wp-json\/wp\/v2\/pages\/197","targetHints":{"allow":["GET"]}}],"collection":[{"href":"https:\/\/carrosserie-stenz.ch\/index.php\/wp-json\/wp\/v2\/pages"}],"about":[{"href":"https:\/\/carrosserie-stenz.ch\/index.php\/wp-json\/wp\/v2\/types\/page"}],"author":[{"embeddable":true,"href":"https:\/\/carrosserie-stenz.ch\/index.php\/wp-json\/wp\/v2\/users\/1"}],"replies":[{"embeddable":true,"href":"https:\/\/carrosserie-stenz.ch\/index.php\/wp-json\/wp\/v2\/comments?post=197"}],"version-history":[{"count":28,"href":"https:\/\/carrosserie-stenz.ch\/index.php\/wp-json\/wp\/v2\/pages\/197\/revisions"}],"predecessor-version":[{"id":1005,"href":"https:\/\/carrosserie-stenz.ch\/index.php\/wp-json\/wp\/v2\/pages\/197\/revisions\/1005"}],"wp:attachment":[{"href":"https:\/\/carrosserie-stenz.ch\/index.php\/wp-json\/wp\/v2\/media?parent=197"}],"curies":[{"name":"wp","href":"https:\/\/api.w.org\/{rel}","templated":true}]}}