{"id":193,"date":"2020-09-12T14:46:29","date_gmt":"2020-09-12T14:46:29","guid":{"rendered":"https:\/\/mini-marketing.ch\/wordpress\/?page_id=193"},"modified":"2025-11-15T10:06:57","modified_gmt":"2025-11-15T10:06:57","slug":"ueber-uns-2","status":"publish","type":"page","link":"https:\/\/carrosserie-stenz.ch\/index.php\/ueber-uns-2\/","title":{"rendered":"\u00dcber uns"},"content":{"rendered":"\n<h2 class=\"wp-block-heading has-text-align-center\"><span style=\"background-color:rgba(0, 0, 0, 0)\" class=\"has-inline-color has-vivid-red-color\"><strong>Wir danken f\u00fcr IHRE Kundentreue<\/strong><\/span><\/h2>\n\n\n\n<div style=\"height:50px\" aria-hidden=\"true\" class=\"wp-block-spacer\"><\/div>\n\n\n\n<p><\/p>\n\n\n\n<h1 class=\"wp-block-heading\">Unser Berater in der Werkstatt<\/h1>\n\n\n\n<div class=\"wp-block-media-text alignwide is-stacked-on-mobile\" style=\"grid-template-columns:27% auto\"><figure class=\"wp-block-media-text__media\"><img loading=\"lazy\" decoding=\"async\" width=\"150\" height=\"150\" src=\"https:\/\/carrosserie-stenz.ch\/wp-content\/uploads\/2020\/09\/uns1.jpg\" alt=\"\" class=\"wp-image-194 size-full\"\/><\/figure><div class=\"wp-block-media-text__content\">\n<p>Haben Sie Fragen? W\u00fcnschen Sie eine Auskunft zu einem Schaden?<br \/>Markus Stenz steht Ihnen f\u00fcr alle Fragen gerne in unserer Werkstatt zur Verf\u00fcgung oder Sie erreichen ihn telefonisch unter Nr. 056 496 16 01.<\/p>\n<\/div><\/div>\n\n\n<div id=\"cc-m-16367222825\" class=\"j-module n j-table \">\n<p><strong>Markus Stenz<\/strong>, Gesch\u00e4ftsf\u00fchrer<\/p>\n<\/div>\n<div id=\"cc-m-14469421725\" class=\"j-module n j-text \">&nbsp;<\/div>\n\n\n<div style=\"height:50px\" aria-hidden=\"true\" class=\"wp-block-spacer\"><\/div>\n\n\n\n<h1 class=\"wp-block-heading\">Unternehmergeschichte<\/h1>\n\n\n<p>Am 2. Februar 1966 gr\u00fcndete Josef Stenz an der K\u00fcnterstrasse 8 eine Carrosseriespenglerei. Er baute das Gesch\u00e4ft in Eigenregie auf. 1986 erweiterte er die Spenglerei um ein Spritzwerk, um seiner Kundschaft einen noch besseren Service bieten zu k\u00f6nnen.<\/p>\n\n\n<div class=\"wp-block-media-text alignwide is-stacked-on-mobile\"><figure class=\"wp-block-media-text__media\"><img loading=\"lazy\" decoding=\"async\" width=\"320\" height=\"389\" src=\"https:\/\/carrosserie-stenz.ch\/wp-content\/uploads\/2020\/09\/uns2.jpg\" alt=\"\" class=\"wp-image-195 size-full\" srcset=\"https:\/\/carrosserie-stenz.ch\/wp-content\/uploads\/2020\/09\/uns2.jpg 320w, https:\/\/carrosserie-stenz.ch\/wp-content\/uploads\/2020\/09\/uns2-247x300.jpg 247w, https:\/\/carrosserie-stenz.ch\/wp-content\/uploads\/2020\/09\/uns2-222x270.jpg 222w\" sizes=\"auto, (max-width: 320px) 100vw, 320px\" \/><\/figure><div class=\"wp-block-media-text__content\">\n<p>2002 \u00fcbergab Josef Stenz seinem Sohn Markus das Gesch\u00e4ft. Dieser war nach seiner Ausbildung als Carrosseriespengler mit eidg. Berufspr\u00fcfung und etlichen Jahren Berufserfahrung in verschiedenen Betrieben bestens f\u00fcr diese Aufgabe ger\u00fcstet. <\/p>\n\n\n\n<p>Durch stetige Weiterbildung auch im Bereich Fahrzeug- und Speziallackierungen verf\u00fcgt Markus Stenz \u00fcber ein breites fundiertes Fachwissen, was auch seiner Kundschaft zugute kommt.&nbsp;<\/p>\n\n\n\n<p>2020 wurde an diesem Ort die heutige Carrosserie Stenz AG gegr\u00fcndet.<\/p>\n<\/div><\/div>\n\n\n\n<div style=\"height:50px\" aria-hidden=\"true\" class=\"wp-block-spacer\"><\/div>\n\n\n\n<h3 class=\"wp-block-heading\">Stetter Wandel<\/h3>\n\n\n<p>Heute verf\u00fcgt die Carrosserie Stenz AG \u00fcber fachlich breit ausgebildete Mitarbeiter, welche die heutigen Anforderungen einer Karosserie-Werkstatt und eines Spritzwerkes professionell abdecken k\u00f6nnen.<\/p>\n<p>&#8222;Nie festzufahren und einzurosten&#8220; ist das Motto von Markus Stenz. Mit stets aktuellen Techniken und Methoden bietet Markus Stenz und sein Team einen umfassenden Reparatur- und Lackierservice f\u00fcr die Kundenfahrzeuge aller Marken an.<\/p>\n<\/p>\n\n\n<div style=\"height:100px\" aria-hidden=\"true\" class=\"wp-block-spacer\"><\/div>\n","protected":false},"excerpt":{"rendered":"<p>Wir danken f\u00fcr IHRE Kundentreue Unser Berater in der Werkstatt Haben Sie Fragen? W\u00fcnschen Sie eine Auskunft zu einem Schaden?Markus Stenz steht Ihnen f\u00fcr alle Fragen gerne in unserer Werkstatt zur Verf\u00fcgung oder Sie erreichen ihn telefonisch unter Nr. 056 496 16 01. Markus Stenz, Gesch\u00e4ftsf\u00fchrer &nbsp; Unternehmergeschichte Am 2. Februar 1966 gr\u00fcndete Josef&#8230;<\/p>\n<p class=\"read-more\"><a class=\"btn btn-default\" href=\"https:\/\/carrosserie-stenz.ch\/index.php\/ueber-uns-2\/\"> Read More<span class=\"screen-reader-text\">  Read More<\/span><\/a><\/p>\n","protected":false},"author":1,"featured_media":0,"parent":0,"menu_order":0,"comment_status":"closed","ping_status":"closed","template":"","meta":{"footnotes":""},"class_list":["post-193","page","type-page","status-publish","hentry"],"yoast_head":"<!-- This site is optimized with the Yoast SEO plugin v27.1.1 - https:\/\/yoast.com\/product\/yoast-seo-wordpress\/ -->\n<title>\u00dcber uns - Carrosserie Stenz AG - 5444 K\u00fcnten<\/title>\n<meta name=\"robots\" content=\"index, follow, max-snippet:-1, max-image-preview:large, max-video-preview:-1\" \/>\n<link rel=\"canonical\" href=\"https:\/\/carrosserie-stenz.ch\/index.php\/ueber-uns-2\/\" \/>\n<meta property=\"og:locale\" content=\"de_DE\" \/>\n<meta property=\"og:type\" content=\"article\" \/>\n<meta property=\"og:title\" content=\"\u00dcber uns - Carrosserie Stenz AG - 5444 K\u00fcnten\" \/>\n<meta property=\"og:description\" content=\"Wir danken f\u00fcr IHRE Kundentreue Unser Berater in der Werkstatt Haben Sie Fragen? W\u00fcnschen Sie eine Auskunft zu einem Schaden?Markus Stenz steht Ihnen f\u00fcr alle Fragen gerne in unserer Werkstatt zur Verf\u00fcgung oder Sie erreichen ihn telefonisch unter Nr. 056 496 16 01. Markus Stenz, Gesch\u00e4ftsf\u00fchrer &nbsp; Unternehmergeschichte Am 2. Februar 1966 gr\u00fcndete Josef... Read More Read More\" \/>\n<meta property=\"og:url\" content=\"https:\/\/carrosserie-stenz.ch\/index.php\/ueber-uns-2\/\" \/>\n<meta property=\"og:site_name\" content=\"Carrosserie Stenz AG - 5444 K\u00fcnten\" \/>\n<meta property=\"article:modified_time\" content=\"2025-11-15T10:06:57+00:00\" \/>\n<meta property=\"og:image\" content=\"https:\/\/carrosserie-stenz.ch\/wp-content\/uploads\/2020\/09\/uns1.jpg\" \/>\n\t<meta property=\"og:image:width\" content=\"150\" \/>\n\t<meta property=\"og:image:height\" content=\"150\" \/>\n\t<meta property=\"og:image:type\" content=\"image\/jpeg\" \/>\n<meta name=\"twitter:card\" content=\"summary_large_image\" \/>\n<meta name=\"twitter:label1\" content=\"Gesch\u00e4tzte Lesezeit\" \/>\n\t<meta name=\"twitter:data1\" content=\"2\u00a0Minuten\" \/>\n<script type=\"application\/ld+json\" class=\"yoast-schema-graph\">{\"@context\":\"https:\/\/schema.org\",\"@graph\":[{\"@type\":\"WebPage\",\"@id\":\"https:\/\/carrosserie-stenz.ch\/index.php\/ueber-uns-2\/\",\"url\":\"https:\/\/carrosserie-stenz.ch\/index.php\/ueber-uns-2\/\",\"name\":\"\u00dcber uns - Carrosserie Stenz AG - 5444 K\u00fcnten\",\"isPartOf\":{\"@id\":\"https:\/\/carrosserie-stenz.ch\/#website\"},\"primaryImageOfPage\":{\"@id\":\"https:\/\/carrosserie-stenz.ch\/index.php\/ueber-uns-2\/#primaryimage\"},\"image\":{\"@id\":\"https:\/\/carrosserie-stenz.ch\/index.php\/ueber-uns-2\/#primaryimage\"},\"thumbnailUrl\":\"https:\/\/carrosserie-stenz.ch\/wp-content\/uploads\/2020\/09\/uns1.jpg\",\"datePublished\":\"2020-09-12T14:46:29+00:00\",\"dateModified\":\"2025-11-15T10:06:57+00:00\",\"breadcrumb\":{\"@id\":\"https:\/\/carrosserie-stenz.ch\/index.php\/ueber-uns-2\/#breadcrumb\"},\"inLanguage\":\"de\",\"potentialAction\":[{\"@type\":\"ReadAction\",\"target\":[\"https:\/\/carrosserie-stenz.ch\/index.php\/ueber-uns-2\/\"]}]},{\"@type\":\"ImageObject\",\"inLanguage\":\"de\",\"@id\":\"https:\/\/carrosserie-stenz.ch\/index.php\/ueber-uns-2\/#primaryimage\",\"url\":\"https:\/\/carrosserie-stenz.ch\/wp-content\/uploads\/2020\/09\/uns1.jpg\",\"contentUrl\":\"https:\/\/carrosserie-stenz.ch\/wp-content\/uploads\/2020\/09\/uns1.jpg\",\"width\":150,\"height\":150},{\"@type\":\"BreadcrumbList\",\"@id\":\"https:\/\/carrosserie-stenz.ch\/index.php\/ueber-uns-2\/#breadcrumb\",\"itemListElement\":[{\"@type\":\"ListItem\",\"position\":1,\"name\":\"Carrosserie Stenz AG\",\"item\":\"https:\/\/carrosserie-stenz.ch\/\"},{\"@type\":\"ListItem\",\"position\":2,\"name\":\"\u00dcber uns\"}]},{\"@type\":\"WebSite\",\"@id\":\"https:\/\/carrosserie-stenz.ch\/#website\",\"url\":\"https:\/\/carrosserie-stenz.ch\/\",\"name\":\"Carrosserie Stenz AG - 5444 K\u00fcnten\",\"description\":\"Auto-Spritzwerk * Carrosserie-Spenglerei\",\"potentialAction\":[{\"@type\":\"SearchAction\",\"target\":{\"@type\":\"EntryPoint\",\"urlTemplate\":\"https:\/\/carrosserie-stenz.ch\/?s={search_term_string}\"},\"query-input\":{\"@type\":\"PropertyValueSpecification\",\"valueRequired\":true,\"valueName\":\"search_term_string\"}}],\"inLanguage\":\"de\"}]}<\/script>\n<!-- \/ Yoast SEO plugin. -->","yoast_head_json":{"title":"\u00dcber uns - Carrosserie Stenz AG - 5444 K\u00fcnten","robots":{"index":"index","follow":"follow","max-snippet":"max-snippet:-1","max-image-preview":"max-image-preview:large","max-video-preview":"max-video-preview:-1"},"canonical":"https:\/\/carrosserie-stenz.ch\/index.php\/ueber-uns-2\/","og_locale":"de_DE","og_type":"article","og_title":"\u00dcber uns - Carrosserie Stenz AG - 5444 K\u00fcnten","og_description":"Wir danken f\u00fcr IHRE Kundentreue Unser Berater in der Werkstatt Haben Sie Fragen? W\u00fcnschen Sie eine Auskunft zu einem Schaden?Markus Stenz steht Ihnen f\u00fcr alle Fragen gerne in unserer Werkstatt zur Verf\u00fcgung oder Sie erreichen ihn telefonisch unter Nr. 056 496 16 01. Markus Stenz, Gesch\u00e4ftsf\u00fchrer &nbsp; Unternehmergeschichte Am 2. Februar 1966 gr\u00fcndete Josef... Read More Read More","og_url":"https:\/\/carrosserie-stenz.ch\/index.php\/ueber-uns-2\/","og_site_name":"Carrosserie Stenz AG - 5444 K\u00fcnten","article_modified_time":"2025-11-15T10:06:57+00:00","og_image":[{"width":150,"height":150,"url":"https:\/\/carrosserie-stenz.ch\/wp-content\/uploads\/2020\/09\/uns1.jpg","type":"image\/jpeg"}],"twitter_card":"summary_large_image","twitter_misc":{"Gesch\u00e4tzte Lesezeit":"2\u00a0Minuten"},"schema":{"@context":"https:\/\/schema.org","@graph":[{"@type":"WebPage","@id":"https:\/\/carrosserie-stenz.ch\/index.php\/ueber-uns-2\/","url":"https:\/\/carrosserie-stenz.ch\/index.php\/ueber-uns-2\/","name":"\u00dcber uns - Carrosserie Stenz AG - 5444 K\u00fcnten","isPartOf":{"@id":"https:\/\/carrosserie-stenz.ch\/#website"},"primaryImageOfPage":{"@id":"https:\/\/carrosserie-stenz.ch\/index.php\/ueber-uns-2\/#primaryimage"},"image":{"@id":"https:\/\/carrosserie-stenz.ch\/index.php\/ueber-uns-2\/#primaryimage"},"thumbnailUrl":"https:\/\/carrosserie-stenz.ch\/wp-content\/uploads\/2020\/09\/uns1.jpg","datePublished":"2020-09-12T14:46:29+00:00","dateModified":"2025-11-15T10:06:57+00:00","breadcrumb":{"@id":"https:\/\/carrosserie-stenz.ch\/index.php\/ueber-uns-2\/#breadcrumb"},"inLanguage":"de","potentialAction":[{"@type":"ReadAction","target":["https:\/\/carrosserie-stenz.ch\/index.php\/ueber-uns-2\/"]}]},{"@type":"ImageObject","inLanguage":"de","@id":"https:\/\/carrosserie-stenz.ch\/index.php\/ueber-uns-2\/#primaryimage","url":"https:\/\/carrosserie-stenz.ch\/wp-content\/uploads\/2020\/09\/uns1.jpg","contentUrl":"https:\/\/carrosserie-stenz.ch\/wp-content\/uploads\/2020\/09\/uns1.jpg","width":150,"height":150},{"@type":"BreadcrumbList","@id":"https:\/\/carrosserie-stenz.ch\/index.php\/ueber-uns-2\/#breadcrumb","itemListElement":[{"@type":"ListItem","position":1,"name":"Carrosserie Stenz AG","item":"https:\/\/carrosserie-stenz.ch\/"},{"@type":"ListItem","position":2,"name":"\u00dcber uns"}]},{"@type":"WebSite","@id":"https:\/\/carrosserie-stenz.ch\/#website","url":"https:\/\/carrosserie-stenz.ch\/","name":"Carrosserie Stenz AG - 5444 K\u00fcnten","description":"Auto-Spritzwerk * Carrosserie-Spenglerei","potentialAction":[{"@type":"SearchAction","target":{"@type":"EntryPoint","urlTemplate":"https:\/\/carrosserie-stenz.ch\/?s={search_term_string}"},"query-input":{"@type":"PropertyValueSpecification","valueRequired":true,"valueName":"search_term_string"}}],"inLanguage":"de"}]}},"_links":{"self":[{"href":"https:\/\/carrosserie-stenz.ch\/index.php\/wp-json\/wp\/v2\/pages\/193","targetHints":{"allow":["GET"]}}],"collection":[{"href":"https:\/\/carrosserie-stenz.ch\/index.php\/wp-json\/wp\/v2\/pages"}],"about":[{"href":"https:\/\/carrosserie-stenz.ch\/index.php\/wp-json\/wp\/v2\/types\/page"}],"author":[{"embeddable":true,"href":"https:\/\/carrosserie-stenz.ch\/index.php\/wp-json\/wp\/v2\/users\/1"}],"replies":[{"embeddable":true,"href":"https:\/\/carrosserie-stenz.ch\/index.php\/wp-json\/wp\/v2\/comments?post=193"}],"version-history":[{"count":21,"href":"https:\/\/carrosserie-stenz.ch\/index.php\/wp-json\/wp\/v2\/pages\/193\/revisions"}],"predecessor-version":[{"id":1010,"href":"https:\/\/carrosserie-stenz.ch\/index.php\/wp-json\/wp\/v2\/pages\/193\/revisions\/1010"}],"wp:attachment":[{"href":"https:\/\/carrosserie-stenz.ch\/index.php\/wp-json\/wp\/v2\/media?parent=193"}],"curies":[{"name":"wp","href":"https:\/\/api.w.org\/{rel}","templated":true}]}}