{"id":177,"date":"2020-09-12T11:55:38","date_gmt":"2020-09-12T11:55:38","guid":{"rendered":"https:\/\/mini-marketing.ch\/wordpress\/?page_id=177"},"modified":"2020-09-12T11:55:38","modified_gmt":"2020-09-12T11:55:38","slug":"pneu","status":"publish","type":"page","link":"https:\/\/carrosserie-stenz.ch\/index.php\/pneu\/","title":{"rendered":"Pneu"},"content":{"rendered":"\n<h2 class=\"wp-block-heading\">Reifenservice<\/h2>\n\n\n\n<h3 class=\"wp-block-heading\">Beratung und Verkauf von Sommer- und Winterpneu<\/h3>\n\n\n\n<figure class=\"wp-block-image size-large\"><img loading=\"lazy\" decoding=\"async\" width=\"920\" height=\"307\" src=\"https:\/\/carrosserie-stenz.ch\/wp-content\/uploads\/2020\/09\/pneu1.jpg\" alt=\"\" class=\"wp-image-178\" srcset=\"https:\/\/carrosserie-stenz.ch\/wp-content\/uploads\/2020\/09\/pneu1.jpg 920w, https:\/\/carrosserie-stenz.ch\/wp-content\/uploads\/2020\/09\/pneu1-300x100.jpg 300w, https:\/\/carrosserie-stenz.ch\/wp-content\/uploads\/2020\/09\/pneu1-768x256.jpg 768w, https:\/\/carrosserie-stenz.ch\/wp-content\/uploads\/2020\/09\/pneu1-604x202.jpg 604w\" sizes=\"auto, (max-width: 920px) 100vw, 920px\" \/><\/figure>\n\n\n\n\n\n<p><strong>Die Reifen, Ihre Verbindung zur Strasse<\/strong><br><strong>Hier sollten Sie der Sicherheit willen nicht sparen<\/strong><\/p>\n\n\n\n<div class=\"wp-block-media-text alignwide has-media-on-the-right is-stacked-on-mobile\"><figure class=\"wp-block-media-text__media\"><img loading=\"lazy\" decoding=\"async\" width=\"640\" height=\"426\" src=\"https:\/\/carrosserie-stenz.ch\/wp-content\/uploads\/2020\/09\/pneu2.jpg\" alt=\"\" class=\"wp-image-179\" srcset=\"https:\/\/carrosserie-stenz.ch\/wp-content\/uploads\/2020\/09\/pneu2.jpg 640w, https:\/\/carrosserie-stenz.ch\/wp-content\/uploads\/2020\/09\/pneu2-300x200.jpg 300w, https:\/\/carrosserie-stenz.ch\/wp-content\/uploads\/2020\/09\/pneu2-406x270.jpg 406w\" sizes=\"auto, (max-width: 640px) 100vw, 640px\" \/><\/figure><div class=\"wp-block-media-text__content\">\n<p><strong>Sommer- und Winterreifen<\/strong><br>Wir bieten Pneus namhafter Hersteller f\u00fcr Fahrzeuge und Transporter<\/p>\n<\/div><\/div>\n\n\n<p>Um Ihre Reifen zu demontieren und montieren, werden die entsprechenden Maschinen und qualifizierte Fachleute ben\u00f6tigt. Wir verf\u00fcgen \u00fcber beides! So fahren Sie bald wieder sicher mit einem neuem Reifensatz. Selbstverst\u00e4ndlich erledigen wir auch den\u00a0<strong>saisonalen Pneuwechsel<\/strong>\u00a0gerne f\u00fcr Sie.<\/p>\n<p>Wir haben f\u00fcr Sie ein umfangreiches Angebot namhafter Reifenhersteller. Fragen Sie uns einfach nach den aktuellen Angeboten.<\/p>\n\n\n<figure class=\"wp-block-gallery columns-3 is-cropped wp-block-gallery-1 is-layout-flex wp-block-gallery-is-layout-flex\"><ul class=\"blocks-gallery-grid\"><li class=\"blocks-gallery-item\"><figure><img loading=\"lazy\" decoding=\"async\" width=\"550\" height=\"400\" src=\"https:\/\/carrosserie-stenz.ch\/wp-content\/uploads\/2020\/09\/pneu3.jpg\" alt=\"\" data-id=\"180\" data-full-url=\"https:\/\/carrosserie-stenz.ch\/wp-content\/uploads\/2020\/09\/pneu3.jpg\" data-link=\"https:\/\/carrosserie-stenz.ch\/?attachment_id=180\" class=\"wp-image-180\" srcset=\"https:\/\/carrosserie-stenz.ch\/wp-content\/uploads\/2020\/09\/pneu3.jpg 550w, https:\/\/carrosserie-stenz.ch\/wp-content\/uploads\/2020\/09\/pneu3-300x218.jpg 300w, https:\/\/carrosserie-stenz.ch\/wp-content\/uploads\/2020\/09\/pneu3-371x270.jpg 371w\" sizes=\"auto, (max-width: 550px) 100vw, 550px\" \/><\/figure><\/li><li class=\"blocks-gallery-item\"><figure><img loading=\"lazy\" decoding=\"async\" width=\"485\" height=\"400\" src=\"https:\/\/carrosserie-stenz.ch\/wp-content\/uploads\/2020\/09\/pneu4.jpg\" alt=\"\" data-id=\"181\" data-full-url=\"https:\/\/carrosserie-stenz.ch\/wp-content\/uploads\/2020\/09\/pneu4.jpg\" data-link=\"https:\/\/carrosserie-stenz.ch\/?attachment_id=181\" class=\"wp-image-181\" srcset=\"https:\/\/carrosserie-stenz.ch\/wp-content\/uploads\/2020\/09\/pneu4.jpg 485w, https:\/\/carrosserie-stenz.ch\/wp-content\/uploads\/2020\/09\/pneu4-300x247.jpg 300w, https:\/\/carrosserie-stenz.ch\/wp-content\/uploads\/2020\/09\/pneu4-327x270.jpg 327w\" sizes=\"auto, (max-width: 485px) 100vw, 485px\" \/><\/figure><\/li><li class=\"blocks-gallery-item\"><figure><img loading=\"lazy\" decoding=\"async\" width=\"600\" height=\"400\" src=\"https:\/\/carrosserie-stenz.ch\/wp-content\/uploads\/2020\/09\/pneu5.jpg\" alt=\"\" data-id=\"182\" data-full-url=\"https:\/\/carrosserie-stenz.ch\/wp-content\/uploads\/2020\/09\/pneu5.jpg\" data-link=\"https:\/\/carrosserie-stenz.ch\/?attachment_id=182\" class=\"wp-image-182\" srcset=\"https:\/\/carrosserie-stenz.ch\/wp-content\/uploads\/2020\/09\/pneu5.jpg 600w, https:\/\/carrosserie-stenz.ch\/wp-content\/uploads\/2020\/09\/pneu5-300x200.jpg 300w, https:\/\/carrosserie-stenz.ch\/wp-content\/uploads\/2020\/09\/pneu5-405x270.jpg 405w\" sizes=\"auto, (max-width: 600px) 100vw, 600px\" \/><\/figure><\/li><li class=\"blocks-gallery-item\"><figure><img loading=\"lazy\" decoding=\"async\" width=\"600\" height=\"400\" src=\"https:\/\/carrosserie-stenz.ch\/wp-content\/uploads\/2020\/09\/pneu6.jpg\" alt=\"\" data-id=\"183\" data-full-url=\"https:\/\/carrosserie-stenz.ch\/wp-content\/uploads\/2020\/09\/pneu6.jpg\" data-link=\"https:\/\/carrosserie-stenz.ch\/?attachment_id=183\" class=\"wp-image-183\" srcset=\"https:\/\/carrosserie-stenz.ch\/wp-content\/uploads\/2020\/09\/pneu6.jpg 600w, https:\/\/carrosserie-stenz.ch\/wp-content\/uploads\/2020\/09\/pneu6-300x200.jpg 300w, https:\/\/carrosserie-stenz.ch\/wp-content\/uploads\/2020\/09\/pneu6-405x270.jpg 405w\" sizes=\"auto, (max-width: 600px) 100vw, 600px\" \/><\/figure><\/li><li class=\"blocks-gallery-item\"><figure><img loading=\"lazy\" decoding=\"async\" width=\"412\" height=\"400\" src=\"https:\/\/carrosserie-stenz.ch\/wp-content\/uploads\/2020\/09\/pneu7.jpg\" alt=\"\" data-id=\"184\" data-full-url=\"https:\/\/carrosserie-stenz.ch\/wp-content\/uploads\/2020\/09\/pneu7.jpg\" data-link=\"https:\/\/carrosserie-stenz.ch\/?attachment_id=184\" class=\"wp-image-184\" srcset=\"https:\/\/carrosserie-stenz.ch\/wp-content\/uploads\/2020\/09\/pneu7.jpg 412w, https:\/\/carrosserie-stenz.ch\/wp-content\/uploads\/2020\/09\/pneu7-300x291.jpg 300w, https:\/\/carrosserie-stenz.ch\/wp-content\/uploads\/2020\/09\/pneu7-278x270.jpg 278w\" sizes=\"auto, (max-width: 412px) 100vw, 412px\" \/><\/figure><\/li><li class=\"blocks-gallery-item\"><figure><img loading=\"lazy\" decoding=\"async\" width=\"549\" height=\"400\" src=\"https:\/\/carrosserie-stenz.ch\/wp-content\/uploads\/2020\/09\/pneu8.jpg\" alt=\"\" data-id=\"185\" data-full-url=\"https:\/\/carrosserie-stenz.ch\/wp-content\/uploads\/2020\/09\/pneu8.jpg\" data-link=\"https:\/\/carrosserie-stenz.ch\/?attachment_id=185\" class=\"wp-image-185\" srcset=\"https:\/\/carrosserie-stenz.ch\/wp-content\/uploads\/2020\/09\/pneu8.jpg 549w, https:\/\/carrosserie-stenz.ch\/wp-content\/uploads\/2020\/09\/pneu8-300x219.jpg 300w, https:\/\/carrosserie-stenz.ch\/wp-content\/uploads\/2020\/09\/pneu8-371x270.jpg 371w\" sizes=\"auto, (max-width: 549px) 100vw, 549px\" \/><\/figure><\/li><\/ul><\/figure>\n","protected":false},"excerpt":{"rendered":"<p>Reifenservice Beratung und Verkauf von Sommer- und Winterpneu Die Reifen, Ihre Verbindung zur StrasseHier sollten Sie der Sicherheit willen nicht sparen Sommer- und WinterreifenWir bieten Pneus namhafter Hersteller f\u00fcr Fahrzeuge und Transporter Um Ihre Reifen zu demontieren und montieren, werden die entsprechenden Maschinen und qualifizierte Fachleute ben\u00f6tigt. Wir verf\u00fcgen \u00fcber beides! So fahren Sie&#8230;<\/p>\n<p class=\"read-more\"><a class=\"btn btn-default\" href=\"https:\/\/carrosserie-stenz.ch\/index.php\/pneu\/\"> Read More<span class=\"screen-reader-text\">  Read More<\/span><\/a><\/p>\n","protected":false},"author":1,"featured_media":0,"parent":0,"menu_order":0,"comment_status":"closed","ping_status":"closed","template":"","meta":{"footnotes":""},"class_list":["post-177","page","type-page","status-publish","hentry"],"yoast_head":"<!-- This site is optimized with the Yoast SEO plugin v27.1.1 - https:\/\/yoast.com\/product\/yoast-seo-wordpress\/ -->\n<title>Pneu - Carrosserie Stenz AG - 5444 K\u00fcnten<\/title>\n<meta name=\"robots\" content=\"index, follow, max-snippet:-1, max-image-preview:large, max-video-preview:-1\" \/>\n<link rel=\"canonical\" href=\"https:\/\/carrosserie-stenz.ch\/index.php\/pneu\/\" \/>\n<meta property=\"og:locale\" content=\"de_DE\" \/>\n<meta property=\"og:type\" content=\"article\" \/>\n<meta property=\"og:title\" content=\"Pneu - Carrosserie Stenz AG - 5444 K\u00fcnten\" \/>\n<meta property=\"og:description\" content=\"Reifenservice Beratung und Verkauf von Sommer- und Winterpneu Die Reifen, Ihre Verbindung zur StrasseHier sollten Sie der Sicherheit willen nicht sparen Sommer- und WinterreifenWir bieten Pneus namhafter Hersteller f\u00fcr Fahrzeuge und Transporter Um Ihre Reifen zu demontieren und montieren, werden die entsprechenden Maschinen und qualifizierte Fachleute ben\u00f6tigt. Wir verf\u00fcgen \u00fcber beides! So fahren Sie... Read More Read More\" \/>\n<meta property=\"og:url\" content=\"https:\/\/carrosserie-stenz.ch\/index.php\/pneu\/\" \/>\n<meta property=\"og:site_name\" content=\"Carrosserie Stenz AG - 5444 K\u00fcnten\" \/>\n<meta property=\"og:image\" content=\"https:\/\/carrosserie-stenz.ch\/wp-content\/uploads\/2020\/09\/pneu1.jpg\" \/>\n<meta name=\"twitter:card\" content=\"summary_large_image\" \/>\n<script type=\"application\/ld+json\" class=\"yoast-schema-graph\">{\"@context\":\"https:\/\/schema.org\",\"@graph\":[{\"@type\":\"WebPage\",\"@id\":\"https:\/\/carrosserie-stenz.ch\/index.php\/pneu\/\",\"url\":\"https:\/\/carrosserie-stenz.ch\/index.php\/pneu\/\",\"name\":\"Pneu - Carrosserie Stenz AG - 5444 K\u00fcnten\",\"isPartOf\":{\"@id\":\"https:\/\/carrosserie-stenz.ch\/#website\"},\"primaryImageOfPage\":{\"@id\":\"https:\/\/carrosserie-stenz.ch\/index.php\/pneu\/#primaryimage\"},\"image\":{\"@id\":\"https:\/\/carrosserie-stenz.ch\/index.php\/pneu\/#primaryimage\"},\"thumbnailUrl\":\"https:\/\/carrosserie-stenz.ch\/wp-content\/uploads\/2020\/09\/pneu1.jpg\",\"datePublished\":\"2020-09-12T11:55:38+00:00\",\"breadcrumb\":{\"@id\":\"https:\/\/carrosserie-stenz.ch\/index.php\/pneu\/#breadcrumb\"},\"inLanguage\":\"de\",\"potentialAction\":[{\"@type\":\"ReadAction\",\"target\":[\"https:\/\/carrosserie-stenz.ch\/index.php\/pneu\/\"]}]},{\"@type\":\"ImageObject\",\"inLanguage\":\"de\",\"@id\":\"https:\/\/carrosserie-stenz.ch\/index.php\/pneu\/#primaryimage\",\"url\":\"https:\/\/carrosserie-stenz.ch\/wp-content\/uploads\/2020\/09\/pneu1.jpg\",\"contentUrl\":\"https:\/\/carrosserie-stenz.ch\/wp-content\/uploads\/2020\/09\/pneu1.jpg\",\"width\":920,\"height\":307},{\"@type\":\"BreadcrumbList\",\"@id\":\"https:\/\/carrosserie-stenz.ch\/index.php\/pneu\/#breadcrumb\",\"itemListElement\":[{\"@type\":\"ListItem\",\"position\":1,\"name\":\"Carrosserie Stenz AG\",\"item\":\"https:\/\/carrosserie-stenz.ch\/\"},{\"@type\":\"ListItem\",\"position\":2,\"name\":\"Pneu\"}]},{\"@type\":\"WebSite\",\"@id\":\"https:\/\/carrosserie-stenz.ch\/#website\",\"url\":\"https:\/\/carrosserie-stenz.ch\/\",\"name\":\"Carrosserie Stenz AG - 5444 K\u00fcnten\",\"description\":\"Auto-Spritzwerk * Carrosserie-Spenglerei\",\"potentialAction\":[{\"@type\":\"SearchAction\",\"target\":{\"@type\":\"EntryPoint\",\"urlTemplate\":\"https:\/\/carrosserie-stenz.ch\/?s={search_term_string}\"},\"query-input\":{\"@type\":\"PropertyValueSpecification\",\"valueRequired\":true,\"valueName\":\"search_term_string\"}}],\"inLanguage\":\"de\"}]}<\/script>\n<!-- \/ Yoast SEO plugin. -->","yoast_head_json":{"title":"Pneu - Carrosserie Stenz AG - 5444 K\u00fcnten","robots":{"index":"index","follow":"follow","max-snippet":"max-snippet:-1","max-image-preview":"max-image-preview:large","max-video-preview":"max-video-preview:-1"},"canonical":"https:\/\/carrosserie-stenz.ch\/index.php\/pneu\/","og_locale":"de_DE","og_type":"article","og_title":"Pneu - Carrosserie Stenz AG - 5444 K\u00fcnten","og_description":"Reifenservice Beratung und Verkauf von Sommer- und Winterpneu Die Reifen, Ihre Verbindung zur StrasseHier sollten Sie der Sicherheit willen nicht sparen Sommer- und WinterreifenWir bieten Pneus namhafter Hersteller f\u00fcr Fahrzeuge und Transporter Um Ihre Reifen zu demontieren und montieren, werden die entsprechenden Maschinen und qualifizierte Fachleute ben\u00f6tigt. Wir verf\u00fcgen \u00fcber beides! So fahren Sie... Read More Read More","og_url":"https:\/\/carrosserie-stenz.ch\/index.php\/pneu\/","og_site_name":"Carrosserie Stenz AG - 5444 K\u00fcnten","og_image":[{"url":"https:\/\/carrosserie-stenz.ch\/wp-content\/uploads\/2020\/09\/pneu1.jpg","type":"","width":"","height":""}],"twitter_card":"summary_large_image","schema":{"@context":"https:\/\/schema.org","@graph":[{"@type":"WebPage","@id":"https:\/\/carrosserie-stenz.ch\/index.php\/pneu\/","url":"https:\/\/carrosserie-stenz.ch\/index.php\/pneu\/","name":"Pneu - Carrosserie Stenz AG - 5444 K\u00fcnten","isPartOf":{"@id":"https:\/\/carrosserie-stenz.ch\/#website"},"primaryImageOfPage":{"@id":"https:\/\/carrosserie-stenz.ch\/index.php\/pneu\/#primaryimage"},"image":{"@id":"https:\/\/carrosserie-stenz.ch\/index.php\/pneu\/#primaryimage"},"thumbnailUrl":"https:\/\/carrosserie-stenz.ch\/wp-content\/uploads\/2020\/09\/pneu1.jpg","datePublished":"2020-09-12T11:55:38+00:00","breadcrumb":{"@id":"https:\/\/carrosserie-stenz.ch\/index.php\/pneu\/#breadcrumb"},"inLanguage":"de","potentialAction":[{"@type":"ReadAction","target":["https:\/\/carrosserie-stenz.ch\/index.php\/pneu\/"]}]},{"@type":"ImageObject","inLanguage":"de","@id":"https:\/\/carrosserie-stenz.ch\/index.php\/pneu\/#primaryimage","url":"https:\/\/carrosserie-stenz.ch\/wp-content\/uploads\/2020\/09\/pneu1.jpg","contentUrl":"https:\/\/carrosserie-stenz.ch\/wp-content\/uploads\/2020\/09\/pneu1.jpg","width":920,"height":307},{"@type":"BreadcrumbList","@id":"https:\/\/carrosserie-stenz.ch\/index.php\/pneu\/#breadcrumb","itemListElement":[{"@type":"ListItem","position":1,"name":"Carrosserie Stenz AG","item":"https:\/\/carrosserie-stenz.ch\/"},{"@type":"ListItem","position":2,"name":"Pneu"}]},{"@type":"WebSite","@id":"https:\/\/carrosserie-stenz.ch\/#website","url":"https:\/\/carrosserie-stenz.ch\/","name":"Carrosserie Stenz AG - 5444 K\u00fcnten","description":"Auto-Spritzwerk * Carrosserie-Spenglerei","potentialAction":[{"@type":"SearchAction","target":{"@type":"EntryPoint","urlTemplate":"https:\/\/carrosserie-stenz.ch\/?s={search_term_string}"},"query-input":{"@type":"PropertyValueSpecification","valueRequired":true,"valueName":"search_term_string"}}],"inLanguage":"de"}]}},"_links":{"self":[{"href":"https:\/\/carrosserie-stenz.ch\/index.php\/wp-json\/wp\/v2\/pages\/177","targetHints":{"allow":["GET"]}}],"collection":[{"href":"https:\/\/carrosserie-stenz.ch\/index.php\/wp-json\/wp\/v2\/pages"}],"about":[{"href":"https:\/\/carrosserie-stenz.ch\/index.php\/wp-json\/wp\/v2\/types\/page"}],"author":[{"embeddable":true,"href":"https:\/\/carrosserie-stenz.ch\/index.php\/wp-json\/wp\/v2\/users\/1"}],"replies":[{"embeddable":true,"href":"https:\/\/carrosserie-stenz.ch\/index.php\/wp-json\/wp\/v2\/comments?post=177"}],"version-history":[{"count":1,"href":"https:\/\/carrosserie-stenz.ch\/index.php\/wp-json\/wp\/v2\/pages\/177\/revisions"}],"predecessor-version":[{"id":186,"href":"https:\/\/carrosserie-stenz.ch\/index.php\/wp-json\/wp\/v2\/pages\/177\/revisions\/186"}],"wp:attachment":[{"href":"https:\/\/carrosserie-stenz.ch\/index.php\/wp-json\/wp\/v2\/media?parent=177"}],"curies":[{"name":"wp","href":"https:\/\/api.w.org\/{rel}","templated":true}]}}