{"id":132,"date":"2020-09-11T20:10:37","date_gmt":"2020-09-11T20:10:37","guid":{"rendered":"https:\/\/mini-marketing.ch\/wordpress\/?page_id=132"},"modified":"2021-07-17T15:12:50","modified_gmt":"2021-07-17T15:12:50","slug":"oldtimer-restaurieren","status":"publish","type":"page","link":"https:\/\/carrosserie-stenz.ch\/index.php\/spenglerei\/oldtimer-restaurieren\/","title":{"rendered":"Oldtimer restaurieren"},"content":{"rendered":"\n<figure class=\"wp-block-image size-large\"><img loading=\"lazy\" decoding=\"async\" width=\"960\" height=\"387\" src=\"https:\/\/carrosserie-stenz.ch\/wp-content\/uploads\/2020\/09\/oldtimer_oben.jpg\" alt=\"\" class=\"wp-image-133\" srcset=\"https:\/\/carrosserie-stenz.ch\/wp-content\/uploads\/2020\/09\/oldtimer_oben.jpg 960w, https:\/\/carrosserie-stenz.ch\/wp-content\/uploads\/2020\/09\/oldtimer_oben-300x121.jpg 300w, https:\/\/carrosserie-stenz.ch\/wp-content\/uploads\/2020\/09\/oldtimer_oben-768x310.jpg 768w, https:\/\/carrosserie-stenz.ch\/wp-content\/uploads\/2020\/09\/oldtimer_oben-604x243.jpg 604w\" sizes=\"auto, (max-width: 960px) 100vw, 960px\" \/><\/figure>\n\n\n<p><strong>Sie sind im Besitz eines Oldtimers?<\/strong><br>Ben\u00f6tigt dieser noch einige Reparaturen, um in neuem Glanz zu erstrahlen?<\/p>\n<p>Im Laufe der Jahre haben wir uns einen Namen in der Restaurierung und Reparatur von Oldtimern gemacht.&nbsp;Wir verf\u00fcgen \u00fcber fundiertes Fachwissen, um Ihr Fahrzeug&nbsp;mit viel Leidenschaft und Gef\u00fchl zu restaurieren. Von der Teil- bis hin zur&nbsp;Gesamt-Restauration&nbsp;Ihres Oldtimers k\u00f6nnen wir&nbsp;Ihre Rarit\u00e4t wieder im Glanz erstrahlen lassen.<\/p>\n<p>In enger Zusammenarbeit mit Ihnen rekonstruieren und lackieren wir Ihre Rarit\u00e4t originalgetreu. Wir bieten unter anderem:<\/p>\n\n\n<figure class=\"wp-block-image size-large\"><img loading=\"lazy\" decoding=\"async\" width=\"960\" height=\"466\" src=\"https:\/\/carrosserie-stenz.ch\/wp-content\/uploads\/2020\/09\/oldtimer_mitte.jpg\" alt=\"\" class=\"wp-image-134\" srcset=\"https:\/\/carrosserie-stenz.ch\/wp-content\/uploads\/2020\/09\/oldtimer_mitte.jpg 960w, https:\/\/carrosserie-stenz.ch\/wp-content\/uploads\/2020\/09\/oldtimer_mitte-300x146.jpg 300w, https:\/\/carrosserie-stenz.ch\/wp-content\/uploads\/2020\/09\/oldtimer_mitte-768x373.jpg 768w, https:\/\/carrosserie-stenz.ch\/wp-content\/uploads\/2020\/09\/oldtimer_mitte-556x270.jpg 556w\" sizes=\"auto, (max-width: 960px) 100vw, 960px\" \/><\/figure>\n\n\n\n<figure class=\"wp-block-table\"><table><tbody><tr><td>Spezialanfertigungen von Blech- oder Kunststoffteilen, die auf dem Markt nicht mehr erh\u00e4ltlich sind <\/td><\/tr><tr><td>Lack aufpolieren<\/td><\/tr><tr><td>Ganzlackierung inklusive komplett neuem Lackaufbau<\/td><\/tr><tr><td>Professioneller Unterbodenschutz<\/td><\/tr><tr><td>Hohlraumbehandlung<\/td><\/tr><tr><td>&#8230; und vieles mehr<\/td><\/tr><\/tbody><\/table><\/figure>\n\n\n\n<p><\/p>\n\n\n\n<figure class=\"wp-block-image size-large\"><img loading=\"lazy\" decoding=\"async\" width=\"960\" height=\"331\" src=\"https:\/\/carrosserie-stenz.ch\/wp-content\/uploads\/2020\/09\/fiat-500-oldtimer.jpg\" alt=\"\" class=\"wp-image-138\" srcset=\"https:\/\/carrosserie-stenz.ch\/wp-content\/uploads\/2020\/09\/fiat-500-oldtimer.jpg 960w, https:\/\/carrosserie-stenz.ch\/wp-content\/uploads\/2020\/09\/fiat-500-oldtimer-300x103.jpg 300w, https:\/\/carrosserie-stenz.ch\/wp-content\/uploads\/2020\/09\/fiat-500-oldtimer-768x265.jpg 768w, https:\/\/carrosserie-stenz.ch\/wp-content\/uploads\/2020\/09\/fiat-500-oldtimer-604x208.jpg 604w\" sizes=\"auto, (max-width: 960px) 100vw, 960px\" \/><\/figure>\n\n\n<p>Fragen Sie uns noch heute an. Wir beraten Sie gerne und vereinbaren mit Ihnen die passende Restauration f\u00fcr Ihren Oldtimer, damit Sie die n\u00e4chste Ausfahrt in vollen Z\u00fcgen geniessen k\u00f6nnen.<\/p>","protected":false},"excerpt":{"rendered":"<p>Sie sind im Besitz eines Oldtimers?Ben\u00f6tigt dieser noch einige Reparaturen, um in neuem Glanz zu erstrahlen? Im Laufe der Jahre haben wir uns einen Namen in der Restaurierung und Reparatur von Oldtimern gemacht.&nbsp;Wir verf\u00fcgen \u00fcber fundiertes Fachwissen, um Ihr Fahrzeug&nbsp;mit viel Leidenschaft und Gef\u00fchl zu restaurieren. Von der Teil- bis hin zur&nbsp;Gesamt-Restauration&nbsp;Ihres Oldtimers k\u00f6nnen&#8230;<\/p>\n<p class=\"read-more\"><a class=\"btn btn-default\" href=\"https:\/\/carrosserie-stenz.ch\/index.php\/spenglerei\/oldtimer-restaurieren\/\"> Read More<span class=\"screen-reader-text\">  Read More<\/span><\/a><\/p>\n","protected":false},"author":1,"featured_media":0,"parent":56,"menu_order":0,"comment_status":"closed","ping_status":"closed","template":"","meta":{"footnotes":""},"class_list":["post-132","page","type-page","status-publish","hentry"],"yoast_head":"<!-- This site is optimized with the Yoast SEO plugin v27.1.1 - https:\/\/yoast.com\/product\/yoast-seo-wordpress\/ -->\n<title>Oldtimer restaurieren - Carrosserie Stenz AG - 5444 K\u00fcnten<\/title>\n<meta name=\"robots\" content=\"index, follow, max-snippet:-1, max-image-preview:large, max-video-preview:-1\" \/>\n<link rel=\"canonical\" href=\"https:\/\/carrosserie-stenz.ch\/index.php\/spenglerei\/oldtimer-restaurieren\/\" \/>\n<meta property=\"og:locale\" content=\"de_DE\" \/>\n<meta property=\"og:type\" content=\"article\" \/>\n<meta property=\"og:title\" content=\"Oldtimer restaurieren - Carrosserie Stenz AG - 5444 K\u00fcnten\" \/>\n<meta property=\"og:description\" content=\"Sie sind im Besitz eines Oldtimers?Ben\u00f6tigt dieser noch einige Reparaturen, um in neuem Glanz zu erstrahlen? Im Laufe der Jahre haben wir uns einen Namen in der Restaurierung und Reparatur von Oldtimern gemacht.&nbsp;Wir verf\u00fcgen \u00fcber fundiertes Fachwissen, um Ihr Fahrzeug&nbsp;mit viel Leidenschaft und Gef\u00fchl zu restaurieren. Von der Teil- bis hin zur&nbsp;Gesamt-Restauration&nbsp;Ihres Oldtimers k\u00f6nnen... Read More Read More\" \/>\n<meta property=\"og:url\" content=\"https:\/\/carrosserie-stenz.ch\/index.php\/spenglerei\/oldtimer-restaurieren\/\" \/>\n<meta property=\"og:site_name\" content=\"Carrosserie Stenz AG - 5444 K\u00fcnten\" \/>\n<meta property=\"article:modified_time\" content=\"2021-07-17T15:12:50+00:00\" \/>\n<meta property=\"og:image\" content=\"https:\/\/carrosserie-stenz.ch\/wp-content\/uploads\/2020\/09\/oldtimer_oben.jpg\" \/>\n<meta name=\"twitter:card\" content=\"summary_large_image\" \/>\n<meta name=\"twitter:label1\" content=\"Gesch\u00e4tzte Lesezeit\" \/>\n\t<meta name=\"twitter:data1\" content=\"1\u00a0Minute\" \/>\n<script type=\"application\/ld+json\" class=\"yoast-schema-graph\">{\"@context\":\"https:\/\/schema.org\",\"@graph\":[{\"@type\":\"WebPage\",\"@id\":\"https:\/\/carrosserie-stenz.ch\/index.php\/spenglerei\/oldtimer-restaurieren\/\",\"url\":\"https:\/\/carrosserie-stenz.ch\/index.php\/spenglerei\/oldtimer-restaurieren\/\",\"name\":\"Oldtimer restaurieren - Carrosserie Stenz AG - 5444 K\u00fcnten\",\"isPartOf\":{\"@id\":\"https:\/\/carrosserie-stenz.ch\/#website\"},\"primaryImageOfPage\":{\"@id\":\"https:\/\/carrosserie-stenz.ch\/index.php\/spenglerei\/oldtimer-restaurieren\/#primaryimage\"},\"image\":{\"@id\":\"https:\/\/carrosserie-stenz.ch\/index.php\/spenglerei\/oldtimer-restaurieren\/#primaryimage\"},\"thumbnailUrl\":\"https:\/\/carrosserie-stenz.ch\/wp-content\/uploads\/2020\/09\/oldtimer_oben.jpg\",\"datePublished\":\"2020-09-11T20:10:37+00:00\",\"dateModified\":\"2021-07-17T15:12:50+00:00\",\"breadcrumb\":{\"@id\":\"https:\/\/carrosserie-stenz.ch\/index.php\/spenglerei\/oldtimer-restaurieren\/#breadcrumb\"},\"inLanguage\":\"de\",\"potentialAction\":[{\"@type\":\"ReadAction\",\"target\":[\"https:\/\/carrosserie-stenz.ch\/index.php\/spenglerei\/oldtimer-restaurieren\/\"]}]},{\"@type\":\"ImageObject\",\"inLanguage\":\"de\",\"@id\":\"https:\/\/carrosserie-stenz.ch\/index.php\/spenglerei\/oldtimer-restaurieren\/#primaryimage\",\"url\":\"https:\/\/carrosserie-stenz.ch\/wp-content\/uploads\/2020\/09\/oldtimer_oben.jpg\",\"contentUrl\":\"https:\/\/carrosserie-stenz.ch\/wp-content\/uploads\/2020\/09\/oldtimer_oben.jpg\",\"width\":960,\"height\":387},{\"@type\":\"BreadcrumbList\",\"@id\":\"https:\/\/carrosserie-stenz.ch\/index.php\/spenglerei\/oldtimer-restaurieren\/#breadcrumb\",\"itemListElement\":[{\"@type\":\"ListItem\",\"position\":1,\"name\":\"Carrosserie Stenz AG\",\"item\":\"https:\/\/carrosserie-stenz.ch\/\"},{\"@type\":\"ListItem\",\"position\":2,\"name\":\"Spenglerei\",\"item\":\"https:\/\/carrosserie-stenz.ch\/index.php\/spenglerei\/\"},{\"@type\":\"ListItem\",\"position\":3,\"name\":\"Oldtimer restaurieren\"}]},{\"@type\":\"WebSite\",\"@id\":\"https:\/\/carrosserie-stenz.ch\/#website\",\"url\":\"https:\/\/carrosserie-stenz.ch\/\",\"name\":\"Carrosserie Stenz AG - 5444 K\u00fcnten\",\"description\":\"Auto-Spritzwerk * Carrosserie-Spenglerei\",\"potentialAction\":[{\"@type\":\"SearchAction\",\"target\":{\"@type\":\"EntryPoint\",\"urlTemplate\":\"https:\/\/carrosserie-stenz.ch\/?s={search_term_string}\"},\"query-input\":{\"@type\":\"PropertyValueSpecification\",\"valueRequired\":true,\"valueName\":\"search_term_string\"}}],\"inLanguage\":\"de\"}]}<\/script>\n<!-- \/ Yoast SEO plugin. -->","yoast_head_json":{"title":"Oldtimer restaurieren - Carrosserie Stenz AG - 5444 K\u00fcnten","robots":{"index":"index","follow":"follow","max-snippet":"max-snippet:-1","max-image-preview":"max-image-preview:large","max-video-preview":"max-video-preview:-1"},"canonical":"https:\/\/carrosserie-stenz.ch\/index.php\/spenglerei\/oldtimer-restaurieren\/","og_locale":"de_DE","og_type":"article","og_title":"Oldtimer restaurieren - Carrosserie Stenz AG - 5444 K\u00fcnten","og_description":"Sie sind im Besitz eines Oldtimers?Ben\u00f6tigt dieser noch einige Reparaturen, um in neuem Glanz zu erstrahlen? Im Laufe der Jahre haben wir uns einen Namen in der Restaurierung und Reparatur von Oldtimern gemacht.&nbsp;Wir verf\u00fcgen \u00fcber fundiertes Fachwissen, um Ihr Fahrzeug&nbsp;mit viel Leidenschaft und Gef\u00fchl zu restaurieren. Von der Teil- bis hin zur&nbsp;Gesamt-Restauration&nbsp;Ihres Oldtimers k\u00f6nnen... Read More Read More","og_url":"https:\/\/carrosserie-stenz.ch\/index.php\/spenglerei\/oldtimer-restaurieren\/","og_site_name":"Carrosserie Stenz AG - 5444 K\u00fcnten","article_modified_time":"2021-07-17T15:12:50+00:00","og_image":[{"url":"https:\/\/carrosserie-stenz.ch\/wp-content\/uploads\/2020\/09\/oldtimer_oben.jpg","type":"","width":"","height":""}],"twitter_card":"summary_large_image","twitter_misc":{"Gesch\u00e4tzte Lesezeit":"1\u00a0Minute"},"schema":{"@context":"https:\/\/schema.org","@graph":[{"@type":"WebPage","@id":"https:\/\/carrosserie-stenz.ch\/index.php\/spenglerei\/oldtimer-restaurieren\/","url":"https:\/\/carrosserie-stenz.ch\/index.php\/spenglerei\/oldtimer-restaurieren\/","name":"Oldtimer restaurieren - Carrosserie Stenz AG - 5444 K\u00fcnten","isPartOf":{"@id":"https:\/\/carrosserie-stenz.ch\/#website"},"primaryImageOfPage":{"@id":"https:\/\/carrosserie-stenz.ch\/index.php\/spenglerei\/oldtimer-restaurieren\/#primaryimage"},"image":{"@id":"https:\/\/carrosserie-stenz.ch\/index.php\/spenglerei\/oldtimer-restaurieren\/#primaryimage"},"thumbnailUrl":"https:\/\/carrosserie-stenz.ch\/wp-content\/uploads\/2020\/09\/oldtimer_oben.jpg","datePublished":"2020-09-11T20:10:37+00:00","dateModified":"2021-07-17T15:12:50+00:00","breadcrumb":{"@id":"https:\/\/carrosserie-stenz.ch\/index.php\/spenglerei\/oldtimer-restaurieren\/#breadcrumb"},"inLanguage":"de","potentialAction":[{"@type":"ReadAction","target":["https:\/\/carrosserie-stenz.ch\/index.php\/spenglerei\/oldtimer-restaurieren\/"]}]},{"@type":"ImageObject","inLanguage":"de","@id":"https:\/\/carrosserie-stenz.ch\/index.php\/spenglerei\/oldtimer-restaurieren\/#primaryimage","url":"https:\/\/carrosserie-stenz.ch\/wp-content\/uploads\/2020\/09\/oldtimer_oben.jpg","contentUrl":"https:\/\/carrosserie-stenz.ch\/wp-content\/uploads\/2020\/09\/oldtimer_oben.jpg","width":960,"height":387},{"@type":"BreadcrumbList","@id":"https:\/\/carrosserie-stenz.ch\/index.php\/spenglerei\/oldtimer-restaurieren\/#breadcrumb","itemListElement":[{"@type":"ListItem","position":1,"name":"Carrosserie Stenz AG","item":"https:\/\/carrosserie-stenz.ch\/"},{"@type":"ListItem","position":2,"name":"Spenglerei","item":"https:\/\/carrosserie-stenz.ch\/index.php\/spenglerei\/"},{"@type":"ListItem","position":3,"name":"Oldtimer restaurieren"}]},{"@type":"WebSite","@id":"https:\/\/carrosserie-stenz.ch\/#website","url":"https:\/\/carrosserie-stenz.ch\/","name":"Carrosserie Stenz AG - 5444 K\u00fcnten","description":"Auto-Spritzwerk * Carrosserie-Spenglerei","potentialAction":[{"@type":"SearchAction","target":{"@type":"EntryPoint","urlTemplate":"https:\/\/carrosserie-stenz.ch\/?s={search_term_string}"},"query-input":{"@type":"PropertyValueSpecification","valueRequired":true,"valueName":"search_term_string"}}],"inLanguage":"de"}]}},"_links":{"self":[{"href":"https:\/\/carrosserie-stenz.ch\/index.php\/wp-json\/wp\/v2\/pages\/132","targetHints":{"allow":["GET"]}}],"collection":[{"href":"https:\/\/carrosserie-stenz.ch\/index.php\/wp-json\/wp\/v2\/pages"}],"about":[{"href":"https:\/\/carrosserie-stenz.ch\/index.php\/wp-json\/wp\/v2\/types\/page"}],"author":[{"embeddable":true,"href":"https:\/\/carrosserie-stenz.ch\/index.php\/wp-json\/wp\/v2\/users\/1"}],"replies":[{"embeddable":true,"href":"https:\/\/carrosserie-stenz.ch\/index.php\/wp-json\/wp\/v2\/comments?post=132"}],"version-history":[{"count":4,"href":"https:\/\/carrosserie-stenz.ch\/index.php\/wp-json\/wp\/v2\/pages\/132\/revisions"}],"predecessor-version":[{"id":428,"href":"https:\/\/carrosserie-stenz.ch\/index.php\/wp-json\/wp\/v2\/pages\/132\/revisions\/428"}],"up":[{"embeddable":true,"href":"https:\/\/carrosserie-stenz.ch\/index.php\/wp-json\/wp\/v2\/pages\/56"}],"wp:attachment":[{"href":"https:\/\/carrosserie-stenz.ch\/index.php\/wp-json\/wp\/v2\/media?parent=132"}],"curies":[{"name":"wp","href":"https:\/\/api.w.org\/{rel}","templated":true}]}}